{"id":1437,"date":"2025-11-26T11:00:02","date_gmt":"2025-11-26T11:00:02","guid":{"rendered":"https:\/\/themanekispin.org\/app-2\/"},"modified":"2025-11-26T13:31:23","modified_gmt":"2025-11-26T13:31:23","slug":"app","status":"publish","type":"page","link":"https:\/\/themanekispin.org\/de\/app\/","title":{"rendered":"App"},"content":{"rendered":"<h1>Mobile Manekispin App<\/h1>\n<p>Mit der Manekispin App k\u00f6nnen Sie jederzeit Ihre Lieblingsspiele spielen. Diese Plattform erm\u00f6glicht es Ihnen, Spiele \u00fcberall zu spielen, egal ob Sie dies auf Ihrem Smartphone, Tablet oder Desktop-Computer tun m\u00f6chten. Die Progressive Web App kann auf jedem Ger\u00e4t genutzt werden und muss nicht aus einem App Store heruntergeladen werden.<\/p>\n<div class=\"banner-wrap\" aria-label=\"Banner\"><img src=\"https:\/\/themanekispin.org\/wp-content\/uploads\/2025\/11\/Manekispin-banner-carousel-800\u0445400-6.webp\" class=\"w-100 d-none d-lg-block img-pc main-banner-img\" alt=\"Manekispin desktop banner\" fetchpriority=\"high\" decoding=\"async\"><img src=\"https:\/\/themanekispin.org\/wp-content\/uploads\/2025\/11\/Manekispin-mobile-banner.webp\" class=\"w-100 d-none d-md-block d-lg-none main-banner-img\" alt=\"Manekispin mobile banner\" fetchpriority=\"high\" decoding=\"async\"><img src=\"https:\/\/themanekispin.org\/wp-content\/uploads\/2025\/11\/Manekispin-mobile-banner.webp\" class=\"w-100 d-md-none\" alt=\"Manekispin mobile banner\" fetchpriority=\"high\" decoding=\"async\"><div class=\"banner-description\">\n<div class=\"banner-title\">Willkommensboni<\/div>\n<p class=\"banner-header-title\">1500 \u20ac<\/p>\n<div class=\"banner-header-AdditionalText\">+ 250 Freispiele<\/div>\n<button data-item=\"homepage_banner_link\" class=\"goto m-button m-gradient-border m-button--primary m-button--large banner-button btn-orange\">\n            <div class=\"m-button-content\">\n                <span>Melden Sie sich jetzt an<\/span>\n                <span><\/span>\n            <\/div>\n        <\/button>\n<\/div>\n<div class=\"WelcomePack\">\n<p><img loading=\"lazy\" decoding=\"async\" class=\"alignnone size-full wp-image-1338\" src=\"https:\/\/themanekispin.org\/wp-content\/uploads\/2025\/11\/welcome-crown.svg\" alt=\"crown\" width=\"25\" height=\"26\" \/><\/p>\n<div class=\"WelcomePack-Info\">W\u00f6chentliches Cashback bis zu 25 %<\/div>\n<p><img loading=\"lazy\" decoding=\"async\" class=\"alignnone size-full wp-image-1338\" src=\"https:\/\/themanekispin.org\/wp-content\/uploads\/2025\/11\/welcome-crown.svg\" alt=\"crown\" width=\"25\" height=\"26\" \/><\/p>\n<\/div>\n<\/div>\n<h2>Warum Sie die Manekispin App w\u00e4hlen sollten<\/h2>\n<p>Die Nutzung der Manekispin App bietet viele Vorteile, die Ihr Spielerlebnis verbessern. Sie erfahren sofort von neuen Angeboten und Boni, sobald diese verf\u00fcgbar sind, dank Push-Benachrichtigungen. Egal, ob Sie ein Telefon, Tablet oder einen Desktop-Computer verwenden, die optimierte Oberfl\u00e4che passt sich Ihrer Bildschirmgr\u00f6\u00dfe an.<\/p>\n<p>Die App cached wichtige Teile auf Ihrem Ger\u00e4t, sodass Seiten schneller laden als mit einem normalen mobilen Browser. Dies f\u00fchrt zu einem schnelleren Start der Spiele und fl\u00fcssigeren \u00dcberg\u00e4ngen zwischen den Bereichen. Sie verbrauchen au\u00dferdem weniger Daten w\u00e4hrend des Spielens, was von Vorteil ist, wenn Sie ein begrenztes Mobilfunkdatum haben.<\/p>\n<table>\n<tbody>\n<tr>\n<td>Funktion<\/td>\n<td>Beschreibung<\/td>\n<td>Vorteil f\u00fcr den Spieler<\/td>\n<\/tr>\n<tr>\n<td>Push-Benachrichtigungen<\/td>\n<td>Sofortige Benachrichtigungen f\u00fcr Aktionen und Boni<\/td>\n<td>Verpassen Sie nie Sonderangebote oder zeitlich begrenzte Deals<\/td>\n<\/tr>\n<tr>\n<td>Schneller Zugriff<\/td>\n<td>App-Symbol verbleibt auf dem Startbildschirm<\/td>\n<td>Schneller Zugriff ohne URLs zu tippen oder Lesezeichen zu suchen<\/td>\n<\/tr>\n<tr>\n<td>Optimierte Leistung<\/td>\n<td>Komprimierte Grafiken und gecachte Inhalte<\/td>\n<td>Schnellere Ladezeiten und reduzierter Datentarifverbrauch<\/td>\n<\/tr>\n<tr>\n<td>Vollbildmodus<\/td>\n<td>Keine Browserleisten oder Navigationselemente<\/td>\n<td>Immersives Spielerlebnis mit maximaler Bildschirmfl\u00e4che<\/td>\n<\/tr>\n<tr>\n<td>Auto-Updates<\/td>\n<td>Automatische Aktualisierung beim Start<\/td>\n<td>Immer Zugriff auf die neuesten Funktionen und Sicherheitsverbesserungen<\/td>\n<\/tr>\n<tr>\n<td>Ger\u00e4te\u00fcbergreifende Sync<\/td>\n<td>Derselbe Account funktioniert \u00fcberall<\/td>\n<td>Nahtloses Wechseln zwischen Telefon, Tablet und Computer<\/td>\n<\/tr>\n<\/tbody>\n<\/table>\n<p>Desktop-Spieler haben gr\u00f6\u00dfere Bildschirme, die mehr Spielinformationen auf einmal anzeigen k\u00f6nnen. Die gr\u00f6\u00dfere Ansicht erleichtert die Navigation durch die Spielkategorien und die \u00dcberpr\u00fcfung Ihrer Kontoinformationen, ohne scrollen zu m\u00fcssen. Einige Spieler sch\u00e4tzen die pr\u00e4zise Maussteuerung f\u00fcr bestimmte Spieltypen, w\u00e4hrend andere es m\u00f6gen, die Plattform ge\u00f6ffnet zu haben, w\u00e4hrend andere Browser-Tabs ge\u00f6ffnet sind.<\/p>\n<p><div style=\"clear: both\"><\/div><div class=\"d-flex justify-content-center\"><button data-item=\"decouvrez_link\" data-group=\"website_links\" class=\"goto fw-bold rounded-pill btn btn-orange\" aria-label=\"Laden Sie die ManekiSpin-App herunter\" >Laden Sie die ManekiSpin-App herunter<\/button><\/div><div class=\"scrollable-content-wrap my-5\"><div class=\"scrollable-content-inner\"><h2>Erste Schritte auf iOS-Ger\u00e4ten<\/h2>\n<p>iPhone- und iPad-Benutzer k\u00f6nnen \u00fcber eine Progressive Web App auf das Manekispin Casino zugreifen, die wie eine native App funktioniert, aber nicht aus dem App Store heruntergeladen werden muss.<\/p>\n<h3>Installieren Sie die Maneki Spin App auf iOS<\/h3>\n<ol>\n<li>\u00d6ffnen Sie Safari auf Ihrem iPhone oder iPad und besuchen Sie die offizielle Manekispin-Website.<\/li>\n<li>Tippen Sie auf die Teilen-Schaltfl\u00e4che in der unteren Bildschirmmitte.<\/li>\n<li>Scrollen Sie durch das Men\u00fc und w\u00e4hlen Sie &#8222;Zum Home-Bildschirm hinzuf\u00fcgen&#8220;.<\/li>\n<li>Passen Sie bei Bedarf den App-Namen an und tippen Sie dann auf &#8222;Hinzuf\u00fcgen&#8220; in der oberen rechten Ecke.<\/li>\n<li>Suchen Sie das Maneki Spin-Symbol auf Ihrem Startbildschirm zwischen Ihren anderen Apps.<\/li>\n<li>Tippen Sie auf das Symbol, um die Plattform im Vollbildmodus zu starten.<\/li>\n<\/ol>\n<p>Wenn sich die App \u00f6ffnet, sind keine Browser-Steuerelemente sichtbar, was sie zu einem vollst\u00e4ndig separaten Bereich f\u00fcr das Gaming macht. Ihre Sitzungen bleiben vom normalen Safari-Browsing getrennt und das Symbol verbleibt auf Ihrem Startbildschirm, sodass Sie jederzeit darauf zugreifen k\u00f6nnen.<\/p>\n<p>Wenn Sie Probleme mit dem App-Installationsprozess haben, wenden Sie sich \u00fcber den Live-Chat oder E-Mail an das Support-Team.<\/p>\n<p><img loading=\"lazy\" decoding=\"async\" src=\"https:\/\/themanekispin.org\/wp-content\/uploads\/2025\/11\/Manekispin-iOS-App.webp\" alt=\"Manekispin iOS App\" width=\"1248\" height=\"536\" \/><\/p>\n<\/div><\/div><div style=\"clear: both\"><\/div><div class=\"d-flex justify-content-center\"><button data-item=\"decouvrez_link\" data-group=\"website_links\" class=\"goto fw-bold rounded-pill btn btn-orange\" aria-label=\"ManekiSpin herunterladen\" >ManekiSpin herunterladen<\/button><\/div><div class=\"scrollable-content-wrap my-5\"><div class=\"scrollable-content-inner\"><h2>Android-Benutzer erhalten alle App-Funktionen<\/h2>\n<p>Android-Ger\u00e4te unterst\u00fctzen dieselbe Progressive Web Application-Technologie und bieten Ihnen so ein vollst\u00e4ndiges Casino-Erlebnis \u00fcber Ihren Browser.<\/p>\n<h3>Manekispin f\u00fcr Android herunterladen<\/h3>\n<ol>\n<li>\u00d6ffnen Sie Chrome oder Ihren bevorzugten Browser auf Ihrem Android-Ger\u00e4t.<\/li>\n<li>Gehen Sie zur offiziellen Manekispin-Website.<\/li>\n<li>Tippen Sie auf das Men\u00fcsymbol in der Adressleiste des Browsers.<\/li>\n<li>W\u00e4hlen Sie &#8222;Zum Startbildschirm hinzuf\u00fcgen&#8220; aus dem Dropdown-Men\u00fc.<\/li>\n<li>W\u00e4hlen Sie einen Namen f\u00fcr das Verkn\u00fcpfung und tippen Sie auf &#8222;Hinzuf\u00fcgen&#8220;.<\/li>\n<li>Suchen Sie das neue Maneki Spin-Symbol in Ihrem App-Drawer oder auf dem Startbildschirm.<\/li>\n<li>Ziehen Sie das Symbol durch Ber\u00fchren und Halten an Ihre bevorzugte Position auf dem Startbildschirm.<\/li>\n<\/ol>\n<p>Wenn sich die PWA \u00f6ffnet, nimmt sie den gesamten Bildschirm ein, genau wie eine native App. Wenn Sie eine Internetverbindung haben und die App \u00f6ffnen, erfolgen Updates automatisch, sodass Sie immer die neueste Version verwenden.<\/p>\n<p><img loading=\"lazy\" decoding=\"async\" src=\"https:\/\/themanekispin.org\/wp-content\/uploads\/2025\/11\/Manekispin-Android-App.webp\" alt=\"Manekispin Android App\" width=\"1248\" height=\"536\" \/><\/p>\n<\/div><\/div><div style=\"clear: both\"><\/div><div class=\"d-flex justify-content-center\"><button data-item=\"decouvrez_link\" data-group=\"website_links\" class=\"goto fw-bold rounded-pill btn btn-orange\" aria-label=\"Laden Sie die ManekiSpin-App herunter\" >Laden Sie die ManekiSpin-App herunter<\/button><\/div><div class=\"scrollable-content-wrap my-5\"><div class=\"scrollable-content-inner\"><h2>Manekispin f\u00fcr Windows\/Mac<\/h2>\n<p>Sie k\u00f6nnen Manekispin auch auf Ihrem Desktop-Computer mit jedem modernen Web-Browser spielen. Benutzer von Windows und Mac k\u00f6nnen auf dieselbe voll funktionsf\u00e4hige Plattform zugreifen, ohne zus\u00e4tzliche Software herunterladen zu m\u00fcssen.<\/p>\n<ol>\n<li>\u00d6ffnen Sie Chrome, Firefox, Safari oder Edge und besuchen Sie die Manekispin-Website.<\/li>\n<li>Melden Sie sich mit Ihren bestehenden Anmeldedaten an oder erstellen Sie ein neues Konto, wenn Sie zum ersten Mal spielen.<\/li>\n<\/ol>\n<p>Die Desktop-Oberfl\u00e4che f\u00fcllt Ihren Bildschirm und zeigt Spielkategorien wie Online-Slots, ausgew\u00e4hlte Inhalte und Ihre Kontoinformationen auf \u00fcbersichtliche Weise an.<\/p>\n<p>Das Erstellen einer Verkn\u00fcpfung auf dem Desktop erleichtert den zuk\u00fcnftigen Zugriff.<\/p>\n<ol>\n<li>Klicken Sie in Chrome auf das Men\u00fc mit den drei Punkten in der oberen rechten Ecke, w\u00e4hlen Sie &#8222;Weitere Tools&#8220; und dann &#8222;Verkn\u00fcpfung erstellen&#8220;.<\/li>\n<li>Benennen Sie Ihre Verkn\u00fcpfung und aktivieren Sie das K\u00e4stchen &#8222;Als Fenster \u00f6ffnen&#8220;, um Manekispin in einem eigenen Fenster ohne Browser-Tabs zu starten.<\/li>\n<\/ol>\n<p>Benutzer von Safari auf einem Mac k\u00f6nnen das URL-Symbol aus der Adressleiste auf ihren Desktop ziehen. Ein Klick erstellt eine Verkn\u00fcpfung, die Maneki Spin in einem neuen Browser-Fenster \u00f6ffnet. Wenn Sie Firefox verwenden, k\u00f6nnen Sie mit der rechten Maustaste auf die Seite klicken, &#8222;Verkn\u00fcpfung erstellen&#8220; w\u00e4hlen und dann ausw\u00e4hlen, ob Sie diese auf dem Desktop oder im Startmen\u00fc haben m\u00f6chten.<\/p>\n<p>Desktop-Gaming eignet sich f\u00fcr Spieler, die l\u00e4ngere Spielesitzungen am Schreibtisch oder gr\u00f6\u00dfere Bildschirme f\u00fcr detaillierte Grafiken bevorzugen. Der erweiterte Bildschirm erleichtert die gleichzeitige Verfolgung mehrerer Spielelemente und verringert die Augenbelastung w\u00e4hrend l\u00e4ngerer Spielesitzungen. Sie k\u00f6nnen auch das Browser-Fenster in der Gr\u00f6\u00dfe anpassen oder Dual-Monitore verwenden, um die Plattform neben anderen Apps zu sehen.<\/p>\n<p><img loading=\"lazy\" decoding=\"async\" src=\"https:\/\/themanekispin.org\/wp-content\/uploads\/2025\/11\/Manekispin-Desktop.webp\" alt=\"Manekispin Desktop\" width=\"1248\" height=\"536\" \/><\/p>\n<\/div><\/div><div style=\"clear: both\"><\/div><div class=\"d-flex justify-content-center\"><button data-item=\"decouvrez_link\" data-group=\"website_links\" class=\"goto fw-bold rounded-pill btn btn-orange\" aria-label=\"ManekiSpin herunterladen\" >ManekiSpin herunterladen<\/button><\/div><div class=\"scrollable-content-wrap my-5\"><div class=\"scrollable-content-inner\"><h2>H\u00e4ufig gestellte Fragen<\/h2>\n<h3>Ist Maneki Spin f\u00fcr Android und iOS verf\u00fcgbar?<\/h3>\n<p>Die Progressive Web Application-Technologie unterst\u00fctzt beide Plattformen. Android- und iOS-Benutzer k\u00f6nnen Manekispin direkt aus ihren Browsern ihren Startbildschirmen hinzuf\u00fcgen. Der Installationsprozess dauert auf beiden Plattformen weniger als eine Minute und erfordert keine Genehmigungen oder Downloads aus App Stores.<\/p>\n<h3>Wie unterscheidet sich das Spielen auf einem PC vom Spielen auf einem Telefon?<\/h3>\n<p>Mobile Casino-Apps erm\u00f6glichen Ihnen dank ihrer Portabilit\u00e4t, Push-Benachrichtigungen und verbesserten Touch-Steuerung ein einfaches Spielen unterwegs. Die kompakte Oberfl\u00e4che funktioniert hervorragend auf kleineren Bildschirmen und beh\u00e4lt alle wichtigen Funktionen bei. Desktop-Versionen bieten gr\u00f6\u00dfere Bildschirme, besseres Multitasking mit Browser-Tabs und pr\u00e4zisere Maussteuerung f\u00fcr einige Spieltypen. Sie k\u00f6nnen Spiele auf beiden Plattformen spielen und Ihr Konto nutzen, daher h\u00e4ngt Ihre Wahl davon ab, wo und wie Sie gerne spielen.<\/p>\n<h3>Kann ich mich sowohl auf der Website als auch in der App mit demselben Konto anmelden?<\/h3>\n<p>Sie m\u00fcssen nichts tun, damit Ihr Konto auf allen Plattformen funktioniert. Sie k\u00f6nnen Ihren Benutzernamen und Ihr Passwort verwenden, um auf Ihren Kontostand, den Verifizierungsprozess und die Einstellungen auf jedem Ger\u00e4t zuzugreifen. Ihr Fortschritt, Boni und Erfolge synchronisieren sich automatisch, sodass Sie den ganzen Tag \u00fcber problemlos zwischen Telefon, Tablet und Computer wechseln k\u00f6nnen. Starten Sie unterwegs ein Spiel auf Ihrem Telefon und beenden Sie es auf Ihrem Computer, wenn Sie nach Hause kommen.<\/p>\n<\/div><\/div><\/p>\n","protected":false},"excerpt":{"rendered":"<p>Mobile Manekispin App Mit der Manekispin App k\u00f6nnen Sie jederzeit Ihre Lieblingsspiele spielen. Diese Plattform erm\u00f6glicht es Ihnen, Spiele \u00fcberall zu spielen, egal ob Sie dies auf Ihrem Smartphone, Tablet oder Desktop-Computer tun m\u00f6chten. Die Progressive Web App kann auf jedem Ger\u00e4t genutzt werden und muss nicht aus einem App Store heruntergeladen werden. Warum Sie [&hellip;]<\/p>\n","protected":false},"author":1,"featured_media":0,"parent":0,"menu_order":0,"comment_status":"closed","ping_status":"closed","template":"template-builder.php","meta":{"_acf_changed":false,"inline_featured_image":false,"footnotes":""},"class_list":["post-1437","page","type-page","status-publish","hentry"],"acf":[],"yoast_head":"<!-- This site is optimized with the Yoast SEO plugin v27.3 - https:\/\/yoast.com\/product\/yoast-seo-wordpress\/ -->\n<title>Manekispin App | Offizielle App f\u00fcr Android &amp; iOS<\/title>\n<meta name=\"description\" content=\"Spielen Sie Ihre Lieblings-Slots und Live-Dealer-Spiele \u00fcberall. Laden Sie die Maneki Spin App herunter f\u00fcr sofortigen Zugriff, sicheres Spielen und In-App-Support auf jedem Ger\u00e4t.\" \/>\n<meta name=\"robots\" content=\"index, follow, max-snippet:-1, max-image-preview:large, max-video-preview:-1\" \/>\n<link rel=\"canonical\" href=\"https:\/\/themanekispin.org\/de\/app\/\" \/>\n<meta property=\"og:locale\" content=\"de_DE\" \/>\n<meta property=\"og:type\" content=\"article\" \/>\n<meta property=\"og:title\" content=\"Manekispin App | Offizielle App f\u00fcr Android &amp; iOS\" \/>\n<meta property=\"og:description\" content=\"Spielen Sie Ihre Lieblings-Slots und Live-Dealer-Spiele \u00fcberall. Laden Sie die Maneki Spin App herunter f\u00fcr sofortigen Zugriff, sicheres Spielen und In-App-Support auf jedem Ger\u00e4t.\" \/>\n<meta property=\"og:url\" content=\"https:\/\/themanekispin.org\/de\/app\/\" \/>\n<meta property=\"og:site_name\" content=\"rockyspin\" \/>\n<meta property=\"article:modified_time\" content=\"2025-11-26T13:31:23+00:00\" \/>\n<meta name=\"twitter:card\" content=\"summary_large_image\" \/>\n<meta name=\"twitter:label1\" content=\"Gesch\u00e4tzte Lesezeit\" \/>\n\t<meta name=\"twitter:data1\" content=\"2\u00a0Minuten\" \/>\n<script type=\"application\/ld+json\" class=\"yoast-schema-graph\">{\"@context\":\"https:\\\/\\\/schema.org\",\"@graph\":[{\"@type\":\"WebPage\",\"@id\":\"https:\\\/\\\/themanekispin.org\\\/de\\\/app\\\/\",\"url\":\"https:\\\/\\\/themanekispin.org\\\/de\\\/app\\\/\",\"name\":\"Manekispin App | Offizielle App f\u00fcr Android & iOS\",\"isPartOf\":{\"@id\":\"https:\\\/\\\/themanekispin.org\\\/de\\\/#website\"},\"datePublished\":\"2025-11-26T11:00:02+00:00\",\"dateModified\":\"2025-11-26T13:31:23+00:00\",\"description\":\"Spielen Sie Ihre Lieblings-Slots und Live-Dealer-Spiele \u00fcberall. Laden Sie die Maneki Spin App herunter f\u00fcr sofortigen Zugriff, sicheres Spielen und In-App-Support auf jedem Ger\u00e4t.\",\"breadcrumb\":{\"@id\":\"https:\\\/\\\/themanekispin.org\\\/de\\\/app\\\/#breadcrumb\"},\"inLanguage\":\"de\",\"potentialAction\":[{\"@type\":\"ReadAction\",\"target\":[\"https:\\\/\\\/themanekispin.org\\\/de\\\/app\\\/\"]}]},{\"@type\":\"BreadcrumbList\",\"@id\":\"https:\\\/\\\/themanekispin.org\\\/de\\\/app\\\/#breadcrumb\",\"itemListElement\":[{\"@type\":\"ListItem\",\"position\":1,\"name\":\"Manekispin\",\"item\":\"https:\\\/\\\/themanekispin.org\\\/de\\\/\"},{\"@type\":\"ListItem\",\"position\":2,\"name\":\"App\"}]},{\"@type\":\"WebSite\",\"@id\":\"https:\\\/\\\/themanekispin.org\\\/de\\\/#website\",\"url\":\"https:\\\/\\\/themanekispin.org\\\/de\\\/\",\"name\":\"Manekispin\",\"description\":\"\",\"publisher\":{\"@id\":\"https:\\\/\\\/themanekispin.org\\\/de\\\/#organization\"},\"potentialAction\":[{\"@type\":\"SearchAction\",\"target\":{\"@type\":\"EntryPoint\",\"urlTemplate\":\"https:\\\/\\\/themanekispin.org\\\/de\\\/?s={search_term_string}\"},\"query-input\":{\"@type\":\"PropertyValueSpecification\",\"valueRequired\":true,\"valueName\":\"search_term_string\"}}],\"inLanguage\":\"de\"},{\"@type\":\"Organization\",\"@id\":\"https:\\\/\\\/themanekispin.org\\\/de\\\/#organization\",\"name\":\"Manekispin\",\"url\":\"https:\\\/\\\/themanekispin.org\\\/de\\\/\",\"logo\":{\"@type\":\"ImageObject\",\"inLanguage\":\"de\",\"@id\":\"https:\\\/\\\/themanekispin.org\\\/de\\\/#\\\/schema\\\/logo\\\/image\\\/\",\"url\":\"https:\\\/\\\/themanekispin.org\\\/wp-content\\\/uploads\\\/2025\\\/11\\\/logo.svg\",\"contentUrl\":\"https:\\\/\\\/themanekispin.org\\\/wp-content\\\/uploads\\\/2025\\\/11\\\/logo.svg\",\"width\":79,\"height\":24,\"caption\":\"Manekispin\"},\"image\":{\"@id\":\"https:\\\/\\\/themanekispin.org\\\/de\\\/#\\\/schema\\\/logo\\\/image\\\/\"}}]}<\/script>\n<!-- \/ Yoast SEO plugin. -->","yoast_head_json":{"title":"Manekispin App | Offizielle App f\u00fcr Android & iOS","description":"Spielen Sie Ihre Lieblings-Slots und Live-Dealer-Spiele \u00fcberall. Laden Sie die Maneki Spin App herunter f\u00fcr sofortigen Zugriff, sicheres Spielen und In-App-Support auf jedem Ger\u00e4t.","robots":{"index":"index","follow":"follow","max-snippet":"max-snippet:-1","max-image-preview":"max-image-preview:large","max-video-preview":"max-video-preview:-1"},"canonical":"https:\/\/themanekispin.org\/de\/app\/","og_locale":"de_DE","og_type":"article","og_title":"Manekispin App | Offizielle App f\u00fcr Android & iOS","og_description":"Spielen Sie Ihre Lieblings-Slots und Live-Dealer-Spiele \u00fcberall. Laden Sie die Maneki Spin App herunter f\u00fcr sofortigen Zugriff, sicheres Spielen und In-App-Support auf jedem Ger\u00e4t.","og_url":"https:\/\/themanekispin.org\/de\/app\/","og_site_name":"rockyspin","article_modified_time":"2025-11-26T13:31:23+00:00","twitter_card":"summary_large_image","twitter_misc":{"Gesch\u00e4tzte Lesezeit":"2\u00a0Minuten"},"schema":{"@context":"https:\/\/schema.org","@graph":[{"@type":"WebPage","@id":"https:\/\/themanekispin.org\/de\/app\/","url":"https:\/\/themanekispin.org\/de\/app\/","name":"Manekispin App | Offizielle App f\u00fcr Android & iOS","isPartOf":{"@id":"https:\/\/themanekispin.org\/de\/#website"},"datePublished":"2025-11-26T11:00:02+00:00","dateModified":"2025-11-26T13:31:23+00:00","description":"Spielen Sie Ihre Lieblings-Slots und Live-Dealer-Spiele \u00fcberall. Laden Sie die Maneki Spin App herunter f\u00fcr sofortigen Zugriff, sicheres Spielen und In-App-Support auf jedem Ger\u00e4t.","breadcrumb":{"@id":"https:\/\/themanekispin.org\/de\/app\/#breadcrumb"},"inLanguage":"de","potentialAction":[{"@type":"ReadAction","target":["https:\/\/themanekispin.org\/de\/app\/"]}]},{"@type":"BreadcrumbList","@id":"https:\/\/themanekispin.org\/de\/app\/#breadcrumb","itemListElement":[{"@type":"ListItem","position":1,"name":"Manekispin","item":"https:\/\/themanekispin.org\/de\/"},{"@type":"ListItem","position":2,"name":"App"}]},{"@type":"WebSite","@id":"https:\/\/themanekispin.org\/de\/#website","url":"https:\/\/themanekispin.org\/de\/","name":"Manekispin","description":"","publisher":{"@id":"https:\/\/themanekispin.org\/de\/#organization"},"potentialAction":[{"@type":"SearchAction","target":{"@type":"EntryPoint","urlTemplate":"https:\/\/themanekispin.org\/de\/?s={search_term_string}"},"query-input":{"@type":"PropertyValueSpecification","valueRequired":true,"valueName":"search_term_string"}}],"inLanguage":"de"},{"@type":"Organization","@id":"https:\/\/themanekispin.org\/de\/#organization","name":"Manekispin","url":"https:\/\/themanekispin.org\/de\/","logo":{"@type":"ImageObject","inLanguage":"de","@id":"https:\/\/themanekispin.org\/de\/#\/schema\/logo\/image\/","url":"https:\/\/themanekispin.org\/wp-content\/uploads\/2025\/11\/logo.svg","contentUrl":"https:\/\/themanekispin.org\/wp-content\/uploads\/2025\/11\/logo.svg","width":79,"height":24,"caption":"Manekispin"},"image":{"@id":"https:\/\/themanekispin.org\/de\/#\/schema\/logo\/image\/"}}]}},"_links":{"self":[{"href":"https:\/\/themanekispin.org\/de\/wp-json\/wp\/v2\/pages\/1437","targetHints":{"allow":["GET"]}}],"collection":[{"href":"https:\/\/themanekispin.org\/de\/wp-json\/wp\/v2\/pages"}],"about":[{"href":"https:\/\/themanekispin.org\/de\/wp-json\/wp\/v2\/types\/page"}],"author":[{"embeddable":true,"href":"https:\/\/themanekispin.org\/de\/wp-json\/wp\/v2\/users\/1"}],"replies":[{"embeddable":true,"href":"https:\/\/themanekispin.org\/de\/wp-json\/wp\/v2\/comments?post=1437"}],"version-history":[{"count":2,"href":"https:\/\/themanekispin.org\/de\/wp-json\/wp\/v2\/pages\/1437\/revisions"}],"predecessor-version":[{"id":1654,"href":"https:\/\/themanekispin.org\/de\/wp-json\/wp\/v2\/pages\/1437\/revisions\/1654"}],"wp:attachment":[{"href":"https:\/\/themanekispin.org\/de\/wp-json\/wp\/v2\/media?parent=1437"}],"curies":[{"name":"wp","href":"https:\/\/api.w.org\/{rel}","templated":true}]}}