{"id":1444,"date":"2025-11-26T11:00:02","date_gmt":"2025-11-26T11:00:02","guid":{"rendered":"https:\/\/themanekispin.org\/app-2\/"},"modified":"2025-11-27T06:30:45","modified_gmt":"2025-11-27T06:30:45","slug":"aplicacion","status":"publish","type":"page","link":"https:\/\/themanekispin.org\/es\/aplicacion\/","title":{"rendered":"Aplicaci\u00f3n"},"content":{"rendered":"<h1>Aplicaci\u00f3n M\u00f3vil de Manekispin<\/h1>\n<p>Con la Manekispin app, puedes jugar tus juegos favoritos en cualquier momento. Esta plataforma te permite jugar en cualquier lugar, ya sea que te guste hacerlo en tu tel\u00e9fono inteligente, tableta o computadora de escritorio. La aplicaci\u00f3n web progresiva se puede usar en cualquier dispositivo y no necesita ser descargada desde una tienda de aplicaciones.<\/p>\n<div class=\"banner-wrap\" aria-label=\"Banner\"><img src=\"https:\/\/themanekispin.org\/wp-content\/uploads\/2025\/11\/Manekispin-banner-carousel-800\u0445400-6.webp\" class=\"w-100 d-none d-lg-block img-pc main-banner-img\" alt=\"Manekispin desktop banner\" fetchpriority=\"high\" decoding=\"async\"><img src=\"https:\/\/themanekispin.org\/wp-content\/uploads\/2025\/11\/Manekispin-mobile-banner.webp\" class=\"w-100 d-none d-md-block d-lg-none main-banner-img\" alt=\"Manekispin mobile banner\" fetchpriority=\"high\" decoding=\"async\"><img src=\"https:\/\/themanekispin.org\/wp-content\/uploads\/2025\/11\/Manekispin-mobile-banner.webp\" class=\"w-100 d-md-none\" alt=\"Manekispin mobile banner\" fetchpriority=\"high\" decoding=\"async\"><div class=\"banner-description\">\n<div class=\"banner-title\">Bonos de bienvenida<\/div>\n<p class=\"banner-header-title\">\u20ac1500<\/p>\n<div class=\"banner-header-AdditionalText\">+ 250 giros gratis<\/div>\n<p>&nbsp;<\/p>\n<div class=\"m-button-content\"><button data-item=\"homepage_banner_link\" class=\"goto m-button m-gradient-border m-button--primary m-button--large banner-button btn-orange\">\n            <div class=\"m-button-content\">\n                <span>Reg\u00edstrate gratis ahora<\/span>\n                <span><\/span>\n            <\/div>\n        <\/button><\/div>\n<p>&nbsp;<\/p>\n<\/div>\n<div class=\"WelcomePack\">\n<p><img loading=\"lazy\" decoding=\"async\" class=\"alignnone size-full wp-image-1339\" src=\"https:\/\/themanekispin.org\/wp-content\/uploads\/2025\/11\/welcome-crown.svg\" alt=\"crown\" width=\"25\" height=\"26\" \/><\/p>\n<div class=\"WelcomePack-Info\">\n<p>Cashback semanal de hasta el 25%<\/p>\n<\/div>\n<p><img loading=\"lazy\" decoding=\"async\" class=\"alignnone size-full wp-image-1339\" src=\"https:\/\/themanekispin.org\/wp-content\/uploads\/2025\/11\/welcome-crown.svg\" alt=\"crown\" width=\"25\" height=\"26\" \/><\/p>\n<\/div>\n<\/div>\n<h2>Por Qu\u00e9 Elegir la Aplicaci\u00f3n Manekispin<\/h2>\n<p>Hay muchos beneficios al usar la aplicaci\u00f3n Manekispin que mejoran tu experiencia de juego. Te enterar\u00e1s de nuevas ofertas y bonos tan pronto como est\u00e9n disponibles gracias a las notificaciones push. Sin importar si est\u00e1s en un tel\u00e9fono, tableta o computadora de escritorio, la interfaz optimizada cambiar\u00e1 para adaptarse al tama\u00f1o de tu pantalla.<\/p>\n<p>La aplicaci\u00f3n almacena en cach\u00e9 partes importantes en tu dispositivo, por lo que las p\u00e1ginas cargan m\u00e1s r\u00e1pido que con un navegador m\u00f3vil normal. Esto hace que los juegos se inicien m\u00e1s r\u00e1pido y los cambios entre secciones se sientan m\u00e1s fluidos. Tambi\u00e9n usar\u00e1s menos datos mientras juegas, lo que es bueno si tienes un plan m\u00f3vil con datos limitados.<\/p>\n<table>\n<tbody>\n<tr>\n<td>Caracter\u00edstica<\/td>\n<td>Descripci\u00f3n<\/td>\n<td>Beneficio para el Jugador<\/td>\n<\/tr>\n<tr>\n<td>Notificaciones Push<\/td>\n<td>Alertas instant\u00e1neas para promociones y bonos<\/td>\n<td>No te pierdas ofertas especiales o ofertas por tiempo limitado<\/td>\n<\/tr>\n<tr>\n<td>Acceso R\u00e1pido<\/td>\n<td>El icono de la app permanece en la pantalla de inicio<\/td>\n<td>Acceso r\u00e1pido sin escribir URL o buscar marcadores<\/td>\n<\/tr>\n<tr>\n<td>Rendimiento Optimizado<\/td>\n<td>Gr\u00e1ficos comprimidos y contenido en cach\u00e9<\/td>\n<td>Tiempos de carga m\u00e1s r\u00e1pidos y uso reducido de datos<\/td>\n<\/tr>\n<tr>\n<td>Modo Pantalla Completa<\/td>\n<td>Sin barras de navegador o elementos de navegaci\u00f3n<\/td>\n<td>Experiencia de juego inmersiva con m\u00e1ximo espacio en pantalla<\/td>\n<\/tr>\n<tr>\n<td>Actualizaciones Autom\u00e1ticas<\/td>\n<td>Actualizaci\u00f3n autom\u00e1tica al iniciar<\/td>\n<td>Accede siempre a las \u00faltimas funciones y mejoras de seguridad<\/td>\n<\/tr>\n<tr>\n<td>Sincronizaci\u00f3n entre Dispositivos<\/td>\n<td>La misma cuenta funciona en todas partes<\/td>\n<td>Cambia entre tel\u00e9fono, tableta y computadora sin problemas<\/td>\n<\/tr>\n<\/tbody>\n<\/table>\n<p>Los jugadores de escritorio tienen pantallas m\u00e1s grandes que pueden mostrar m\u00e1s informaci\u00f3n del juego a la vez. La vista m\u00e1s grande facilita encontrar tu camino por las categor\u00edas de juegos y revisar la informaci\u00f3n de tu cuenta sin tener que desplazarte. A algunos jugadores les gusta lo precisos que son los controles de rat\u00f3n para algunos tipos de juegos, mientras que a otros les gusta poder mantener la plataforma abierta con otras pesta\u00f1as del navegador.<\/p>\n<p><div style=\"clear: both\"><\/div><div class=\"d-flex justify-content-center\"><button data-item=\"decouvrez_link\" data-group=\"website_links\" class=\"goto fw-bold rounded-pill btn btn-orange\" aria-label=\"Descarga la aplicaci\u00f3n ManekiSpin\" >Descarga la aplicaci\u00f3n ManekiSpin<\/button><\/div><div class=\"scrollable-content-wrap my-5\"><div class=\"scrollable-content-inner\"><h2>C\u00f3mo Empezar en Dispositivos iOS<\/h2>\n<p>Los usuarios de iPhone y iPad pueden acceder al casino Manekispin a trav\u00e9s de una aplicaci\u00f3n web progresiva que funciona como una aplicaci\u00f3n nativa pero no necesita ser descargada de la App Store.<\/p>\n<h3>Instalar la App Maneki Spin en iOS<\/h3>\n<ol>\n<li>Abre Safari en tu iPhone o iPad y visita el sitio web oficial de Manekispin.<\/li>\n<li>Toca el bot\u00f3n &#8216;Compartir&#8217; en la parte inferior central de tu pantalla.<\/li>\n<li>Despl\u00e1zate por el men\u00fa y selecciona &#8216;A\u00f1adir a la Pantalla de Inicio&#8217;.<\/li>\n<li>Personaliza el nombre de la aplicaci\u00f3n si lo deseas, luego toca &#8216;A\u00f1adir&#8217; en la esquina superior derecha.<\/li>\n<li>Encuentra el icono de Maneki Spin en tu pantalla de inicio junto con tus otras aplicaciones.<\/li>\n<li>Toca el icono para iniciar la plataforma en modo de pantalla completa.<\/li>\n<\/ol>\n<p>Cuando la aplicaci\u00f3n se abre, no hay controles del navegador, creando un espacio completamente separado para el juego. Tus sesiones permanecen separadas de la navegaci\u00f3n normal en Safari, y el icono permanece en tu pantalla de inicio para que puedas acceder en cualquier momento.<\/p>\n<p>Si experimentas alg\u00fan problema con el proceso de instalaci\u00f3n de la aplicaci\u00f3n, contacta al equipo de soporte a trav\u00e9s del chat en vivo o correo electr\u00f3nico.<\/p>\n<p><img loading=\"lazy\" decoding=\"async\" src=\"https:\/\/themanekispin.org\/wp-content\/uploads\/2025\/11\/Manekispin-iOS-App.webp\" alt=\"Manekispin iOS App\" width=\"1248\" height=\"536\" \/><\/p>\n<\/div><\/div><div style=\"clear: both\"><\/div><div class=\"d-flex justify-content-center\"><button data-item=\"decouvrez_link\" data-group=\"website_links\" class=\"goto fw-bold rounded-pill btn btn-orange\" aria-label=\"Descargar ManekiSpin\" >Descargar ManekiSpin<\/button><\/div><div class=\"scrollable-content-wrap my-5\"><div class=\"scrollable-content-inner\"><h2>Los Usuarios de Android Obtienen Todas las Caracter\u00edsticas de la App<\/h2>\n<p>Los dispositivos Android admiten la misma tecnolog\u00eda de aplicaci\u00f3n web progresiva, ofreci\u00e9ndote una experiencia de casino completa a trav\u00e9s de tu navegador.<\/p>\n<h3>Descargar Manekispin para Android<\/h3>\n<ol>\n<li>Abre Chrome o tu navegador preferido en tu dispositivo Android.<\/li>\n<li>Ve al sitio web oficial de Manekispin.<\/li>\n<li>Toca el icono del men\u00fa en la barra de direcciones del navegador.<\/li>\n<li>Selecciona &#8216;A\u00f1adir a la pantalla de inicio&#8217; en el men\u00fa desplegable.<\/li>\n<li>Elige un nombre para el acceso directo y toca &#8216;A\u00f1adir&#8217;.<\/li>\n<li>Encuentra el nuevo icono de Maneki Spin en tu caj\u00f3n de aplicaciones o pantalla de inicio.<\/li>\n<li>Arrastra el icono a tu ubicaci\u00f3n preferida en la pantalla de inicio tocando y manteni\u00e9ndolo presionado.<\/li>\n<\/ol>\n<p>Cuando la PWA se abre, ocupa toda la pantalla, igual que una aplicaci\u00f3n nativa. Si tienes una conexi\u00f3n a internet y abres la aplicaci\u00f3n, las actualizaciones ocurrir\u00e1n autom\u00e1ticamente, asegurando que siempre tengas la \u00faltima versi\u00f3n.<\/p>\n<p><img loading=\"lazy\" decoding=\"async\" src=\"https:\/\/themanekispin.org\/wp-content\/uploads\/2025\/11\/Manekispin-Android-App.webp\" alt=\"Manekispin Android App\" width=\"1248\" height=\"536\" \/><\/p>\n<\/div><\/div><div style=\"clear: both\"><\/div><div class=\"d-flex justify-content-center\"><button data-item=\"decouvrez_link\" data-group=\"website_links\" class=\"goto fw-bold rounded-pill btn btn-orange\" aria-label=\"Descarga la aplicaci\u00f3n ManekiSpin\" >Descarga la aplicaci\u00f3n ManekiSpin<\/button><\/div><div class=\"scrollable-content-wrap my-5\"><div class=\"scrollable-content-inner\"><h2>Manekispin para Windows\/Mac<\/h2>\n<p>Tambi\u00e9n puedes jugar en Manekispin en tu computadora de escritorio usando cualquier navegador web moderno. Los usuarios de Windows y Mac pueden acceder a la misma plataforma con todas las funciones sin tener que descargar software adicional.<\/p>\n<ol>\n<li>Abre Chrome, Firefox, Safari o Edge y visita el sitio web de Manekispin.<\/li>\n<li>Inicia sesi\u00f3n con tus credenciales existentes o crea una nueva cuenta si es tu primera vez.<\/li>\n<\/ol>\n<p>La interfaz de escritorio llena tu pantalla y muestra las categor\u00edas de juegos, como tragaperras en l\u00ednea, contenido destacado y la informaci\u00f3n de tu cuenta de manera ordenada.<\/p>\n<p>Crear un acceso directo en el escritorio facilita el acceso en el futuro.<\/p>\n<ol>\n<li>En Chrome, haz clic en el men\u00fa de tres puntos en la esquina superior derecha, selecciona &#8216;M\u00e1s herramientas&#8217;, luego &#8216;Crear acceso directo&#8217;.<\/li>\n<li>Nombra tu acceso directo y marca la casilla &#8216;Abrir como ventana&#8217; para iniciar Manekispin en su propia ventana sin pesta\u00f1as del navegador.<\/li>\n<\/ol>\n<p>Las personas que usan Safari en una Mac pueden arrastrar el icono de la URL desde la barra de direcciones a su escritorio. Con un clic, esto crea un acceso directo que abre Maneki Spin en una nueva ventana del navegador. Si usas Firefox, puedes hacer clic derecho en la p\u00e1gina, elegir &#8216;Crear acceso directo&#8217;, y luego elegir si lo quieres en el escritorio o en el men\u00fa Inicio.<\/p>\n<p>El juego en escritorio se adapta a los jugadores que prefieren sesiones de juego m\u00e1s largas en un escritorio o pantallas m\u00e1s grandes para gr\u00e1ficos detallados. La pantalla expandida facilita el seguimiento de m\u00faltiples elementos del juego al mismo tiempo y reduce la fatiga visual durante per\u00edodos de juego extendidos. Tambi\u00e9n puedes redimensionar la ventana del navegador o usar monitores duales para ver la plataforma junto con otras aplicaciones.<\/p>\n<p><img loading=\"lazy\" decoding=\"async\" src=\"https:\/\/themanekispin.org\/wp-content\/uploads\/2025\/11\/Manekispin-Desktop.webp\" alt=\"Manekispin Desktop\" width=\"1248\" height=\"536\" \/><\/p>\n<\/div><\/div><div style=\"clear: both\"><\/div><div class=\"d-flex justify-content-center\"><button data-item=\"decouvrez_link\" data-group=\"website_links\" class=\"goto fw-bold rounded-pill btn btn-orange\" aria-label=\"Descargar ManekiSpin\" >Descargar ManekiSpin<\/button><\/div><div class=\"scrollable-content-wrap my-5\"><div class=\"scrollable-content-inner\"><h2>Preguntas Frecuentes<\/h2>\n<h3>\u00bfEst\u00e1 Maneki Spin disponible para Android e iOS?<\/h3>\n<p>La tecnolog\u00eda de aplicaci\u00f3n web progresiva es compatible con ambas plataformas. Los usuarios de Android e iOS pueden a\u00f1adir Manekispin a sus pantallas de inicio directamente desde sus navegadores. El proceso de instalaci\u00f3n toma menos de un minuto en ambas plataformas y no requiere aprobaciones de tiendas de aplicaciones ni descargas.<\/p>\n<h3>\u00bfEn qu\u00e9 se diferencia jugar en un PC de jugar en un tel\u00e9fono?<\/h3>\n<p>Las aplicaciones de casino m\u00f3vil te permiten jugar sobre la marcha con facilidad gracias a su portabilidad, notificaciones push y controles t\u00e1ctiles mejorados. La interfaz peque\u00f1a funciona muy bien en pantallas m\u00e1s peque\u00f1as y mantiene todas las caracter\u00edsticas importantes. Las versiones de escritorio tienen pantallas m\u00e1s grandes, mejor multitarea con pesta\u00f1as del navegador y controles de rat\u00f3n m\u00e1s precisos para algunos tipos de juegos. Puedes jugar y usar tu cuenta en ambas plataformas, as\u00ed que cu\u00e1l elijas depende de d\u00f3nde y c\u00f3mo te guste jugar.<\/p>\n<h3>\u00bfPuedo iniciar sesi\u00f3n en el sitio web y en la aplicaci\u00f3n con la misma cuenta?<\/h3>\n<p>No tienes que hacer nada para que tu cuenta funcione en todas las plataformas. Puedes usar tu nombre de usuario y contrase\u00f1a para acceder a tu saldo, proceso de verificaci\u00f3n y configuraciones en cualquier dispositivo. Tu progreso, bonos y logros se sincronizan autom\u00e1ticamente, para que puedas cambiar f\u00e1cilmente entre tu tel\u00e9fono, tableta y computadora durante todo el d\u00eda. Mientras est\u00e1s en movimiento, inicia un juego en tu tel\u00e9fono y luego term\u00ednalo en tu computadora cuando llegues a casa.<\/p>\n<\/div><\/div><\/p>\n","protected":false},"excerpt":{"rendered":"<p>Aplicaci\u00f3n M\u00f3vil de Manekispin Con la Manekispin app, puedes jugar tus juegos favoritos en cualquier momento. Esta plataforma te permite jugar en cualquier lugar, ya sea que te guste hacerlo en tu tel\u00e9fono inteligente, tableta o computadora de escritorio. La aplicaci\u00f3n web progresiva se puede usar en cualquier dispositivo y no necesita ser descargada desde [&hellip;]<\/p>\n","protected":false},"author":1,"featured_media":0,"parent":0,"menu_order":0,"comment_status":"closed","ping_status":"closed","template":"template-builder.php","meta":{"_acf_changed":false,"inline_featured_image":false,"footnotes":""},"class_list":["post-1444","page","type-page","status-publish","hentry"],"acf":[],"yoast_head":"<!-- This site is optimized with the Yoast SEO plugin v27.3 - https:\/\/yoast.com\/product\/yoast-seo-wordpress\/ -->\n<title>Manekispin App | Aplicaci\u00f3n oficial para Android e iOS<\/title>\n<meta name=\"description\" content=\"Juega a tus tragamonedas y juegos con crupier en vivo favoritos donde quieras. Descarga la Maneki Spin app para acceder al instante, jugar de forma segura y obtener asistencia en la app desde cualquier dispositivo.\" \/>\n<meta name=\"robots\" content=\"index, follow, max-snippet:-1, max-image-preview:large, max-video-preview:-1\" \/>\n<link rel=\"canonical\" href=\"https:\/\/themanekispin.org\/es\/aplicacion\/\" \/>\n<meta property=\"og:locale\" content=\"es_ES\" \/>\n<meta property=\"og:type\" content=\"article\" \/>\n<meta property=\"og:title\" content=\"Manekispin App | Aplicaci\u00f3n oficial para Android e iOS\" \/>\n<meta property=\"og:description\" content=\"Juega a tus tragamonedas y juegos con crupier en vivo favoritos donde quieras. Descarga la Maneki Spin app para acceder al instante, jugar de forma segura y obtener asistencia en la app desde cualquier dispositivo.\" \/>\n<meta property=\"og:url\" content=\"https:\/\/themanekispin.org\/es\/aplicacion\/\" \/>\n<meta property=\"og:site_name\" content=\"rockyspin\" \/>\n<meta property=\"article:modified_time\" content=\"2025-11-27T06:30:45+00:00\" \/>\n<meta name=\"twitter:card\" content=\"summary_large_image\" \/>\n<meta name=\"twitter:label1\" content=\"Est. reading time\" \/>\n\t<meta name=\"twitter:data1\" content=\"2 minutes\" \/>\n<script type=\"application\/ld+json\" class=\"yoast-schema-graph\">{\"@context\":\"https:\\\/\\\/schema.org\",\"@graph\":[{\"@type\":\"WebPage\",\"@id\":\"https:\\\/\\\/themanekispin.org\\\/es\\\/aplicacion\\\/\",\"url\":\"https:\\\/\\\/themanekispin.org\\\/es\\\/aplicacion\\\/\",\"name\":\"Manekispin App | Aplicaci\u00f3n oficial para Android e iOS\",\"isPartOf\":{\"@id\":\"https:\\\/\\\/themanekispin.org\\\/es\\\/#website\"},\"datePublished\":\"2025-11-26T11:00:02+00:00\",\"dateModified\":\"2025-11-27T06:30:45+00:00\",\"description\":\"Juega a tus tragamonedas y juegos con crupier en vivo favoritos donde quieras. Descarga la Maneki Spin app para acceder al instante, jugar de forma segura y obtener asistencia en la app desde cualquier dispositivo.\",\"breadcrumb\":{\"@id\":\"https:\\\/\\\/themanekispin.org\\\/es\\\/aplicacion\\\/#breadcrumb\"},\"inLanguage\":\"es-ES\",\"potentialAction\":[{\"@type\":\"ReadAction\",\"target\":[\"https:\\\/\\\/themanekispin.org\\\/es\\\/aplicacion\\\/\"]}]},{\"@type\":\"BreadcrumbList\",\"@id\":\"https:\\\/\\\/themanekispin.org\\\/es\\\/aplicacion\\\/#breadcrumb\",\"itemListElement\":[{\"@type\":\"ListItem\",\"position\":1,\"name\":\"Manekispin\",\"item\":\"https:\\\/\\\/themanekispin.org\\\/es\\\/\"},{\"@type\":\"ListItem\",\"position\":2,\"name\":\"Aplicaci\u00f3n\"}]},{\"@type\":\"WebSite\",\"@id\":\"https:\\\/\\\/themanekispin.org\\\/es\\\/#website\",\"url\":\"https:\\\/\\\/themanekispin.org\\\/es\\\/\",\"name\":\"Manekispin\",\"description\":\"\",\"publisher\":{\"@id\":\"https:\\\/\\\/themanekispin.org\\\/es\\\/#organization\"},\"potentialAction\":[{\"@type\":\"SearchAction\",\"target\":{\"@type\":\"EntryPoint\",\"urlTemplate\":\"https:\\\/\\\/themanekispin.org\\\/es\\\/?s={search_term_string}\"},\"query-input\":{\"@type\":\"PropertyValueSpecification\",\"valueRequired\":true,\"valueName\":\"search_term_string\"}}],\"inLanguage\":\"es-ES\"},{\"@type\":\"Organization\",\"@id\":\"https:\\\/\\\/themanekispin.org\\\/es\\\/#organization\",\"name\":\"Manekispin\",\"url\":\"https:\\\/\\\/themanekispin.org\\\/es\\\/\",\"logo\":{\"@type\":\"ImageObject\",\"inLanguage\":\"es-ES\",\"@id\":\"https:\\\/\\\/themanekispin.org\\\/es\\\/#\\\/schema\\\/logo\\\/image\\\/\",\"url\":\"https:\\\/\\\/themanekispin.org\\\/wp-content\\\/uploads\\\/2025\\\/11\\\/logo.svg\",\"contentUrl\":\"https:\\\/\\\/themanekispin.org\\\/wp-content\\\/uploads\\\/2025\\\/11\\\/logo.svg\",\"width\":79,\"height\":24,\"caption\":\"Manekispin\"},\"image\":{\"@id\":\"https:\\\/\\\/themanekispin.org\\\/es\\\/#\\\/schema\\\/logo\\\/image\\\/\"}}]}<\/script>\n<!-- \/ Yoast SEO plugin. -->","yoast_head_json":{"title":"Manekispin App | Aplicaci\u00f3n oficial para Android e iOS","description":"Juega a tus tragamonedas y juegos con crupier en vivo favoritos donde quieras. Descarga la Maneki Spin app para acceder al instante, jugar de forma segura y obtener asistencia en la app desde cualquier dispositivo.","robots":{"index":"index","follow":"follow","max-snippet":"max-snippet:-1","max-image-preview":"max-image-preview:large","max-video-preview":"max-video-preview:-1"},"canonical":"https:\/\/themanekispin.org\/es\/aplicacion\/","og_locale":"es_ES","og_type":"article","og_title":"Manekispin App | Aplicaci\u00f3n oficial para Android e iOS","og_description":"Juega a tus tragamonedas y juegos con crupier en vivo favoritos donde quieras. Descarga la Maneki Spin app para acceder al instante, jugar de forma segura y obtener asistencia en la app desde cualquier dispositivo.","og_url":"https:\/\/themanekispin.org\/es\/aplicacion\/","og_site_name":"rockyspin","article_modified_time":"2025-11-27T06:30:45+00:00","twitter_card":"summary_large_image","twitter_misc":{"Est. reading time":"2 minutes"},"schema":{"@context":"https:\/\/schema.org","@graph":[{"@type":"WebPage","@id":"https:\/\/themanekispin.org\/es\/aplicacion\/","url":"https:\/\/themanekispin.org\/es\/aplicacion\/","name":"Manekispin App | Aplicaci\u00f3n oficial para Android e iOS","isPartOf":{"@id":"https:\/\/themanekispin.org\/es\/#website"},"datePublished":"2025-11-26T11:00:02+00:00","dateModified":"2025-11-27T06:30:45+00:00","description":"Juega a tus tragamonedas y juegos con crupier en vivo favoritos donde quieras. Descarga la Maneki Spin app para acceder al instante, jugar de forma segura y obtener asistencia en la app desde cualquier dispositivo.","breadcrumb":{"@id":"https:\/\/themanekispin.org\/es\/aplicacion\/#breadcrumb"},"inLanguage":"es-ES","potentialAction":[{"@type":"ReadAction","target":["https:\/\/themanekispin.org\/es\/aplicacion\/"]}]},{"@type":"BreadcrumbList","@id":"https:\/\/themanekispin.org\/es\/aplicacion\/#breadcrumb","itemListElement":[{"@type":"ListItem","position":1,"name":"Manekispin","item":"https:\/\/themanekispin.org\/es\/"},{"@type":"ListItem","position":2,"name":"Aplicaci\u00f3n"}]},{"@type":"WebSite","@id":"https:\/\/themanekispin.org\/es\/#website","url":"https:\/\/themanekispin.org\/es\/","name":"Manekispin","description":"","publisher":{"@id":"https:\/\/themanekispin.org\/es\/#organization"},"potentialAction":[{"@type":"SearchAction","target":{"@type":"EntryPoint","urlTemplate":"https:\/\/themanekispin.org\/es\/?s={search_term_string}"},"query-input":{"@type":"PropertyValueSpecification","valueRequired":true,"valueName":"search_term_string"}}],"inLanguage":"es-ES"},{"@type":"Organization","@id":"https:\/\/themanekispin.org\/es\/#organization","name":"Manekispin","url":"https:\/\/themanekispin.org\/es\/","logo":{"@type":"ImageObject","inLanguage":"es-ES","@id":"https:\/\/themanekispin.org\/es\/#\/schema\/logo\/image\/","url":"https:\/\/themanekispin.org\/wp-content\/uploads\/2025\/11\/logo.svg","contentUrl":"https:\/\/themanekispin.org\/wp-content\/uploads\/2025\/11\/logo.svg","width":79,"height":24,"caption":"Manekispin"},"image":{"@id":"https:\/\/themanekispin.org\/es\/#\/schema\/logo\/image\/"}}]}},"_links":{"self":[{"href":"https:\/\/themanekispin.org\/es\/wp-json\/wp\/v2\/pages\/1444","targetHints":{"allow":["GET"]}}],"collection":[{"href":"https:\/\/themanekispin.org\/es\/wp-json\/wp\/v2\/pages"}],"about":[{"href":"https:\/\/themanekispin.org\/es\/wp-json\/wp\/v2\/types\/page"}],"author":[{"embeddable":true,"href":"https:\/\/themanekispin.org\/es\/wp-json\/wp\/v2\/users\/1"}],"replies":[{"embeddable":true,"href":"https:\/\/themanekispin.org\/es\/wp-json\/wp\/v2\/comments?post=1444"}],"version-history":[{"count":2,"href":"https:\/\/themanekispin.org\/es\/wp-json\/wp\/v2\/pages\/1444\/revisions"}],"predecessor-version":[{"id":1835,"href":"https:\/\/themanekispin.org\/es\/wp-json\/wp\/v2\/pages\/1444\/revisions\/1835"}],"wp:attachment":[{"href":"https:\/\/themanekispin.org\/es\/wp-json\/wp\/v2\/media?parent=1444"}],"curies":[{"name":"wp","href":"https:\/\/api.w.org\/{rel}","templated":true}]}}