{"id":1489,"date":"2025-11-26T11:03:28","date_gmt":"2025-11-26T11:03:28","guid":{"rendered":"https:\/\/themanekispin.org\/login-and-registration\/"},"modified":"2025-11-27T06:33:35","modified_gmt":"2025-11-27T06:33:35","slug":"inicio-de-sesion-y-registro","status":"publish","type":"page","link":"https:\/\/themanekispin.org\/es\/inicio-de-sesion-y-registro\/","title":{"rendered":"Inicio de sesi\u00f3n y registro"},"content":{"rendered":"<h1>Inicio de Sesi\u00f3n y Registro en Manekispin<\/h1>\n<p>La p\u00e1gina de Manekispin login te permite acceder a tu cuenta de juego en cualquier momento. La plataforma facilita empezar, ya seas un jugador nuevo configurando tu primera cuenta o un miembro existente que regresa. Solo toma unos clics acceder a todo lo que necesitas para gestionar tu cuenta y disfrutar del juego.<\/p>\n<p><div class=\"banner-wrap\" aria-label=\"Banner\"><img src=\"https:\/\/themanekispin.org\/wp-content\/uploads\/2025\/11\/Manekispin-banner-carousel-800\u0445400-6.webp\" class=\"w-100 d-none d-lg-block img-pc main-banner-img\" alt=\"Manekispin desktop banner\" fetchpriority=\"high\" decoding=\"async\"><img src=\"https:\/\/themanekispin.org\/wp-content\/uploads\/2025\/11\/Manekispin-mobile-banner.webp\" class=\"w-100 d-none d-md-block d-lg-none main-banner-img\" alt=\"Manekispin mobile banner\" fetchpriority=\"high\" decoding=\"async\"><img src=\"https:\/\/themanekispin.org\/wp-content\/uploads\/2025\/11\/Manekispin-mobile-banner.webp\" class=\"w-100 d-md-none\" alt=\"Manekispin mobile banner\" fetchpriority=\"high\" decoding=\"async\"><div class=\"banner-description\">\n<div class=\"banner-title\">Bonos de bienvenida<\/div>\n<p class=\"banner-header-title\">\u20ac1500<\/p>\n<div class=\"banner-header-AdditionalText\">+ 250 giros gratis<\/div>\n<p>&nbsp;<\/p>\n<div class=\"m-button-content\"><button data-item=\"homepage_banner_link\" class=\"goto m-button m-gradient-border m-button--primary m-button--large banner-button btn-orange\">\n            <div class=\"m-button-content\">\n                <span>Reg\u00edstrate gratis ahora<\/span>\n                <span><\/span>\n            <\/div>\n        <\/button><\/div>\n<p>&nbsp;<\/p>\n<\/div>\n<div class=\"WelcomePack\">\n<p><img loading=\"lazy\" decoding=\"async\" class=\"alignnone size-full wp-image-1339\" src=\"https:\/\/themanekispin.org\/wp-content\/uploads\/2025\/11\/welcome-crown.svg\" alt=\"crown\" width=\"25\" height=\"26\" \/><\/p>\n<div class=\"WelcomePack-Info\">\n<p>Cashback semanal de hasta el 25%<\/p>\n<\/div>\n<p><img loading=\"lazy\" decoding=\"async\" class=\"alignnone size-full wp-image-1339\" src=\"https:\/\/themanekispin.org\/wp-content\/uploads\/2025\/11\/welcome-crown.svg\" alt=\"crown\" width=\"25\" height=\"26\" \/><\/p>\n<\/div>\n<\/div><div class=\"scrollable-content-wrap my-5\"><div class=\"scrollable-content-inner\"><h2>Reg\u00edstrate para Jugar en Maneki Spin<\/h2>\n<p>Despu\u00e9s de crear una cuenta en Manekispin, puedes usar inmediatamente toda la plataforma de juego. Los jugadores registrados pueden explorar toda la biblioteca de juegos, obtener bonos de bienvenida y participar en eventos promocionales. Tu cuenta es tu propio centro de juego, donde puedes realizar un seguimiento de tu actividad, realizar pagos y establecer tus propias preferencias.<\/p>\n<p>Los titulares de cuentas pueden usar formas seguras para depositar y retirar dinero, obtener recomendaciones de juego personalizadas y disfrutar de beneficios exclusivos para miembros. Registrar solo toma unos minutos, y todo lo que necesitas hacer es completar informaci\u00f3n b\u00e1sica para crear tu perfil.<\/p>\n<h3>C\u00f3mo Configurar una Cuenta<\/h3>\n<p>Solo hay dos pasos en el proceso de registro en Manekispin.<\/p>\n<p>Registro Inicial<\/p>\n<ol>\n<li>Haz clic en el bot\u00f3n Registrarse en la p\u00e1gina de inicio.<\/li>\n<li>Ingresa tu direcci\u00f3n de correo electr\u00f3nico en el campo designado.<\/li>\n<li>Crea una contrase\u00f1a segura con al menos 8 caracteres.<\/li>\n<li>Lee la casilla de T\u00e9rminos y Condiciones.<\/li>\n<li>Marca la casilla para confirmar tu aceptaci\u00f3n.<\/li>\n<li>Haz clic en el bot\u00f3n Registrarse para proceder.<\/li>\n<\/ol>\n<p>Finalizaci\u00f3n del Perfil<\/p>\n<p>Despu\u00e9s del registro inicial, aparece una segunda ventana solicitando detalles adicionales:<\/p>\n<ol>\n<li>Escribe tu nombre exactamente como aparece en tu documento de identidad.<\/li>\n<li>Proporciona tu apellido en el mismo formato.<\/li>\n<li>Elige tu fecha de nacimiento en el calendario.<\/li>\n<li>Ingresa tu n\u00famero de tel\u00e9fono con el c\u00f3digo de pa\u00eds.<\/li>\n<li>Haz clic en el bot\u00f3n Guardar para completar tu perfil.<\/li>\n<\/ol>\n<p>Despu\u00e9s de completar ambos pasos, tu perfil estar\u00e1 activo inmediatamente. Ahora puedes iniciar sesi\u00f3n y empezar a explorar la plataforma.<\/p>\n<h2>Gesti\u00f3n de Cuenta en Manekispin<\/h2>\n<p>Iniciar sesi\u00f3n en el casino Manekispin te da control total sobre tu juego. El proceso de inicio de sesi\u00f3n est\u00e1 dise\u00f1ado para ser r\u00e1pido y a la vez cumplir con los est\u00e1ndares de seguridad.<\/p>\n<ol>\n<li>Encuentra el bot\u00f3n Iniciar Sesi\u00f3n en la p\u00e1gina de inicio para acceder a tu perfil.<\/li>\n<li>Ingresa la direcci\u00f3n de correo electr\u00f3nico que usaste durante el registro y tu contrase\u00f1a elegida.<\/li>\n<li>Haz clic en el bot\u00f3n Iniciar Sesi\u00f3n para proceder al panel de control de tu cuenta.<\/li>\n<\/ol>\n<p>Despu\u00e9s de iniciar sesi\u00f3n, el panel de control de tu perfil muestra varias caracter\u00edsticas importantes. Puedes ver tu saldo actual, revisar transacciones recientes y explorar tu historial de juego. Puedes cambiar c\u00f3mo quieres comunicarte, establecer l\u00edmites de dep\u00f3sito y gestionar la configuraci\u00f3n de seguridad en el men\u00fa.<\/p>\n<p>El perfil de tu cuenta incluye secciones para informaci\u00f3n personal, m\u00e9todos de pago y seguimiento de bonos. Puedes ver tu estado de verificaci\u00f3n, a\u00f1adir o eliminar opciones de pago y ver qu\u00e9 promociones est\u00e1n activas actualmente. El dise\u00f1o de la interfaz facilita encontrar lo que necesitas sin tener que hacer muchos clics.<\/p>\n<h3>Restablecer Inicio de Sesi\u00f3n en Maneki Spin<\/h3>\n<p>El sistema de recuperaci\u00f3n de contrase\u00f1a es una forma r\u00e1pida de volver a entrar en tu cuenta si no recuerdas tu informaci\u00f3n de inicio de sesi\u00f3n.<\/p>\n<ol>\n<li>En la p\u00e1gina de inicio de sesi\u00f3n, haz clic en el enlace que dice &#8220;\u00bfOlvidaste tu contrase\u00f1a?&#8221;.<\/li>\n<li>Escribe tu direcci\u00f3n de correo electr\u00f3nico registrada y pulsa &#8220;Enviar&#8221;.<\/li>\n<li>Revisa la bandeja de entrada de tu correo electr\u00f3nico para encontrar un mensaje de restablecimiento de contrase\u00f1a de Maneki Spin. El correo contiene un enlace que te dirige a la p\u00e1gina de restablecimiento de contrase\u00f1a.<\/li>\n<li>Haz clic en el enlace y crea tu nueva contrase\u00f1a siguiendo los mismos requisitos que la configuraci\u00f3n original.<\/li>\n<\/ol>\n<p>El enlace de restablecimiento ser\u00e1 v\u00e1lido durante 24 horas. Si no completas el proceso en este per\u00edodo de tiempo, tendr\u00e1s que solicitar un nuevo enlace de restablecimiento. Puedes iniciar sesi\u00f3n inmediatamente con tu nueva contrase\u00f1a despu\u00e9s de haberla actualizado exitosamente.<\/p>\n<p>Si encuentras alg\u00fan problema al recuperar tu informaci\u00f3n de inicio de sesi\u00f3n, por favor contacta a nuestro equipo de soporte a trav\u00e9s del chat en vivo o correo electr\u00f3nico. El equipo de soporte multiling\u00fce siempre est\u00e1 listo para ayudarte con cualquier problema relacionado con el inicio de sesi\u00f3n en tu idioma nativo.<\/p>\n<h2>Importancia del Proceso de Verificaci\u00f3n<\/h2>\n<p>El proceso de verificaci\u00f3n de la cuenta mantiene tanto a ti como a la plataforma a salvo de acceso no autorizado y fraude. Manekispin necesita verificar tu identidad antes de poder procesar tus solicitudes de retiro.<\/p>\n<p>Para verificar tu perfil, necesitas enviar ciertos documentos a trav\u00e9s del panel de control de tu cuenta. Ve a la secci\u00f3n Verificaci\u00f3n en la configuraci\u00f3n de tu perfil. La plataforma t\u00edpicamente solicita dos tipos de documentos:<\/p>\n<ul>\n<li>Verificaci\u00f3n de Identidad<br \/>\nSube una foto clara o escaneo de tu documento de identidad emitido por el gobierno, pasaporte o licencia de conducir. El documento debe mostrar tu nombre completo, foto, fecha de nacimiento y fecha de caducidad.<\/li>\n<li>Confirmaci\u00f3n de Domicilio<br \/>\nProporciona una factura de servicios reciente, extracto bancario o correspondencia oficial del gobierno con fecha dentro de los \u00faltimos tres meses. Tu nombre completo y direcci\u00f3n de domicilio actual deben aparecer en el documento.<\/li>\n<\/ul>\n<p>El equipo de verificaci\u00f3n revisa las solicitudes en un plazo de 24 a 48 horas en d\u00edas h\u00e1biles. Recibir\u00e1s una notificaci\u00f3n por correo electr\u00f3nico una vez que tu cuenta est\u00e9 verificada. Las cuentas verificadas obtienen un procesamiento de retiros m\u00e1s r\u00e1pido y l\u00edmites de transacci\u00f3n m\u00e1s altos.<\/p>\n<table>\n<tbody>\n<tr>\n<td>Tipo de Documento<\/td>\n<td>Prop\u00f3sito<\/td>\n<td>Tiempo de Procesamiento<\/td>\n<\/tr>\n<tr>\n<td>Documento de Identidad<\/td>\n<td>Confirmaci\u00f3n de identidad<\/td>\n<td>24-48 horas<\/td>\n<\/tr>\n<tr>\n<td>Comprobante de Domicilio<\/td>\n<td>Verificaci\u00f3n de residencia<\/td>\n<td>24-48 horas<\/td>\n<\/tr>\n<\/tbody>\n<\/table>\n<h2>Preguntas Frecuentes<\/h2>\n<h3>\u00bfEs posible cambiar mi informaci\u00f3n personal despu\u00e9s de registrarme?<\/h3>\n<p>S\u00ed, puedes cambiar parte de la informaci\u00f3n de tu cuenta en la configuraci\u00f3n de tu perfil. Ve a la secci\u00f3n de Informaci\u00f3n Personal despu\u00e9s de iniciar sesi\u00f3n en tu perfil. Puedes cambiar tu n\u00famero de tel\u00e9fono, direcci\u00f3n y c\u00f3mo deseas ser contactado en cualquier momento.<\/p>\n<h3>\u00bfQu\u00e9 debo hacer si no recuerdo mi usuario o contrase\u00f1a?<\/h3>\n<p>Si olvidas tu contrase\u00f1a, puedes usar el enlace de recuperaci\u00f3n de contrase\u00f1a en la p\u00e1gina de inicio de sesi\u00f3n. Para recibir instrucciones sobre c\u00f3mo restablecer tu contrase\u00f1a, ingresa tu direcci\u00f3n de correo electr\u00f3nico registrada. Solo toma unos minutos, y puedes crear una nueva contrase\u00f1a inmediatamente.<\/p>\n<h3>\u00bfPor qu\u00e9 es requerida la verificaci\u00f3n de cuenta en Manekispin?<\/h3>\n<p>La verificaci\u00f3n mantiene tu perfil seguro y sigue las reglas establecidas por los reguladores. Por razones de seguridad, el proceso asegura que eres el titular leg\u00edtimo de la cuenta e impide que cualquier otra persona acceda a tu cuenta o fondos.<\/p>\n<\/div><\/div><\/p>\n","protected":false},"excerpt":{"rendered":"<p>Inicio de Sesi\u00f3n y Registro en Manekispin La p\u00e1gina de Manekispin login te permite acceder a tu cuenta de juego en cualquier momento. La plataforma facilita empezar, ya seas un jugador nuevo configurando tu primera cuenta o un miembro existente que regresa. Solo toma unos clics acceder a todo lo que necesitas para gestionar tu [&hellip;]<\/p>\n","protected":false},"author":1,"featured_media":0,"parent":0,"menu_order":0,"comment_status":"closed","ping_status":"closed","template":"template-builder.php","meta":{"_acf_changed":false,"inline_featured_image":false,"footnotes":""},"class_list":["post-1489","page","type-page","status-publish","hentry"],"acf":[],"yoast_head":"<!-- This site is optimized with the Yoast SEO plugin v27.3 - https:\/\/yoast.com\/product\/yoast-seo-wordpress\/ -->\n<title>Manekispin Login | Iniciar sesi\u00f3n o crear una cuenta nueva<\/title>\n<meta name=\"description\" content=\"Los nuevos usuarios pueden crear Maneki Spin login en segundos. Los jugadores que regresan pueden iniciar sesi\u00f3n de forma segura para administrar sus perfiles, consultar sus bonos y verificar su cuenta f\u00e1cilmente.\" \/>\n<meta name=\"robots\" content=\"index, follow, max-snippet:-1, max-image-preview:large, max-video-preview:-1\" \/>\n<link rel=\"canonical\" href=\"https:\/\/themanekispin.org\/es\/inicio-de-sesion-y-registro\/\" \/>\n<meta property=\"og:locale\" content=\"es_ES\" \/>\n<meta property=\"og:type\" content=\"article\" \/>\n<meta property=\"og:title\" content=\"Manekispin Login | Iniciar sesi\u00f3n o crear una cuenta nueva\" \/>\n<meta property=\"og:description\" content=\"Los nuevos usuarios pueden crear Maneki Spin login en segundos. Los jugadores que regresan pueden iniciar sesi\u00f3n de forma segura para administrar sus perfiles, consultar sus bonos y verificar su cuenta f\u00e1cilmente.\" \/>\n<meta property=\"og:url\" content=\"https:\/\/themanekispin.org\/es\/inicio-de-sesion-y-registro\/\" \/>\n<meta property=\"og:site_name\" content=\"rockyspin\" \/>\n<meta property=\"article:modified_time\" content=\"2025-11-27T06:33:35+00:00\" \/>\n<meta name=\"twitter:card\" content=\"summary_large_image\" \/>\n<meta name=\"twitter:label1\" content=\"Est. reading time\" \/>\n\t<meta name=\"twitter:data1\" content=\"1 minute\" \/>\n<script type=\"application\/ld+json\" class=\"yoast-schema-graph\">{\"@context\":\"https:\\\/\\\/schema.org\",\"@graph\":[{\"@type\":\"WebPage\",\"@id\":\"https:\\\/\\\/themanekispin.org\\\/es\\\/inicio-de-sesion-y-registro\\\/\",\"url\":\"https:\\\/\\\/themanekispin.org\\\/es\\\/inicio-de-sesion-y-registro\\\/\",\"name\":\"Manekispin Login | Iniciar sesi\u00f3n o crear una cuenta nueva\",\"isPartOf\":{\"@id\":\"https:\\\/\\\/themanekispin.org\\\/es\\\/#website\"},\"datePublished\":\"2025-11-26T11:03:28+00:00\",\"dateModified\":\"2025-11-27T06:33:35+00:00\",\"description\":\"Los nuevos usuarios pueden crear Maneki Spin login en segundos. Los jugadores que regresan pueden iniciar sesi\u00f3n de forma segura para administrar sus perfiles, consultar sus bonos y verificar su cuenta f\u00e1cilmente.\",\"breadcrumb\":{\"@id\":\"https:\\\/\\\/themanekispin.org\\\/es\\\/inicio-de-sesion-y-registro\\\/#breadcrumb\"},\"inLanguage\":\"es-ES\",\"potentialAction\":[{\"@type\":\"ReadAction\",\"target\":[\"https:\\\/\\\/themanekispin.org\\\/es\\\/inicio-de-sesion-y-registro\\\/\"]}]},{\"@type\":\"BreadcrumbList\",\"@id\":\"https:\\\/\\\/themanekispin.org\\\/es\\\/inicio-de-sesion-y-registro\\\/#breadcrumb\",\"itemListElement\":[{\"@type\":\"ListItem\",\"position\":1,\"name\":\"Manekispin\",\"item\":\"https:\\\/\\\/themanekispin.org\\\/es\\\/\"},{\"@type\":\"ListItem\",\"position\":2,\"name\":\"Inicio de sesi\u00f3n y registro\"}]},{\"@type\":\"WebSite\",\"@id\":\"https:\\\/\\\/themanekispin.org\\\/es\\\/#website\",\"url\":\"https:\\\/\\\/themanekispin.org\\\/es\\\/\",\"name\":\"Manekispin\",\"description\":\"\",\"publisher\":{\"@id\":\"https:\\\/\\\/themanekispin.org\\\/es\\\/#organization\"},\"potentialAction\":[{\"@type\":\"SearchAction\",\"target\":{\"@type\":\"EntryPoint\",\"urlTemplate\":\"https:\\\/\\\/themanekispin.org\\\/es\\\/?s={search_term_string}\"},\"query-input\":{\"@type\":\"PropertyValueSpecification\",\"valueRequired\":true,\"valueName\":\"search_term_string\"}}],\"inLanguage\":\"es-ES\"},{\"@type\":\"Organization\",\"@id\":\"https:\\\/\\\/themanekispin.org\\\/es\\\/#organization\",\"name\":\"Manekispin\",\"url\":\"https:\\\/\\\/themanekispin.org\\\/es\\\/\",\"logo\":{\"@type\":\"ImageObject\",\"inLanguage\":\"es-ES\",\"@id\":\"https:\\\/\\\/themanekispin.org\\\/es\\\/#\\\/schema\\\/logo\\\/image\\\/\",\"url\":\"https:\\\/\\\/themanekispin.org\\\/wp-content\\\/uploads\\\/2025\\\/11\\\/logo.svg\",\"contentUrl\":\"https:\\\/\\\/themanekispin.org\\\/wp-content\\\/uploads\\\/2025\\\/11\\\/logo.svg\",\"width\":79,\"height\":24,\"caption\":\"Manekispin\"},\"image\":{\"@id\":\"https:\\\/\\\/themanekispin.org\\\/es\\\/#\\\/schema\\\/logo\\\/image\\\/\"}}]}<\/script>\n<!-- \/ Yoast SEO plugin. -->","yoast_head_json":{"title":"Manekispin Login | Iniciar sesi\u00f3n o crear una cuenta nueva","description":"Los nuevos usuarios pueden crear Maneki Spin login en segundos. Los jugadores que regresan pueden iniciar sesi\u00f3n de forma segura para administrar sus perfiles, consultar sus bonos y verificar su cuenta f\u00e1cilmente.","robots":{"index":"index","follow":"follow","max-snippet":"max-snippet:-1","max-image-preview":"max-image-preview:large","max-video-preview":"max-video-preview:-1"},"canonical":"https:\/\/themanekispin.org\/es\/inicio-de-sesion-y-registro\/","og_locale":"es_ES","og_type":"article","og_title":"Manekispin Login | Iniciar sesi\u00f3n o crear una cuenta nueva","og_description":"Los nuevos usuarios pueden crear Maneki Spin login en segundos. Los jugadores que regresan pueden iniciar sesi\u00f3n de forma segura para administrar sus perfiles, consultar sus bonos y verificar su cuenta f\u00e1cilmente.","og_url":"https:\/\/themanekispin.org\/es\/inicio-de-sesion-y-registro\/","og_site_name":"rockyspin","article_modified_time":"2025-11-27T06:33:35+00:00","twitter_card":"summary_large_image","twitter_misc":{"Est. reading time":"1 minute"},"schema":{"@context":"https:\/\/schema.org","@graph":[{"@type":"WebPage","@id":"https:\/\/themanekispin.org\/es\/inicio-de-sesion-y-registro\/","url":"https:\/\/themanekispin.org\/es\/inicio-de-sesion-y-registro\/","name":"Manekispin Login | Iniciar sesi\u00f3n o crear una cuenta nueva","isPartOf":{"@id":"https:\/\/themanekispin.org\/es\/#website"},"datePublished":"2025-11-26T11:03:28+00:00","dateModified":"2025-11-27T06:33:35+00:00","description":"Los nuevos usuarios pueden crear Maneki Spin login en segundos. Los jugadores que regresan pueden iniciar sesi\u00f3n de forma segura para administrar sus perfiles, consultar sus bonos y verificar su cuenta f\u00e1cilmente.","breadcrumb":{"@id":"https:\/\/themanekispin.org\/es\/inicio-de-sesion-y-registro\/#breadcrumb"},"inLanguage":"es-ES","potentialAction":[{"@type":"ReadAction","target":["https:\/\/themanekispin.org\/es\/inicio-de-sesion-y-registro\/"]}]},{"@type":"BreadcrumbList","@id":"https:\/\/themanekispin.org\/es\/inicio-de-sesion-y-registro\/#breadcrumb","itemListElement":[{"@type":"ListItem","position":1,"name":"Manekispin","item":"https:\/\/themanekispin.org\/es\/"},{"@type":"ListItem","position":2,"name":"Inicio de sesi\u00f3n y registro"}]},{"@type":"WebSite","@id":"https:\/\/themanekispin.org\/es\/#website","url":"https:\/\/themanekispin.org\/es\/","name":"Manekispin","description":"","publisher":{"@id":"https:\/\/themanekispin.org\/es\/#organization"},"potentialAction":[{"@type":"SearchAction","target":{"@type":"EntryPoint","urlTemplate":"https:\/\/themanekispin.org\/es\/?s={search_term_string}"},"query-input":{"@type":"PropertyValueSpecification","valueRequired":true,"valueName":"search_term_string"}}],"inLanguage":"es-ES"},{"@type":"Organization","@id":"https:\/\/themanekispin.org\/es\/#organization","name":"Manekispin","url":"https:\/\/themanekispin.org\/es\/","logo":{"@type":"ImageObject","inLanguage":"es-ES","@id":"https:\/\/themanekispin.org\/es\/#\/schema\/logo\/image\/","url":"https:\/\/themanekispin.org\/wp-content\/uploads\/2025\/11\/logo.svg","contentUrl":"https:\/\/themanekispin.org\/wp-content\/uploads\/2025\/11\/logo.svg","width":79,"height":24,"caption":"Manekispin"},"image":{"@id":"https:\/\/themanekispin.org\/es\/#\/schema\/logo\/image\/"}}]}},"_links":{"self":[{"href":"https:\/\/themanekispin.org\/es\/wp-json\/wp\/v2\/pages\/1489","targetHints":{"allow":["GET"]}}],"collection":[{"href":"https:\/\/themanekispin.org\/es\/wp-json\/wp\/v2\/pages"}],"about":[{"href":"https:\/\/themanekispin.org\/es\/wp-json\/wp\/v2\/types\/page"}],"author":[{"embeddable":true,"href":"https:\/\/themanekispin.org\/es\/wp-json\/wp\/v2\/users\/1"}],"replies":[{"embeddable":true,"href":"https:\/\/themanekispin.org\/es\/wp-json\/wp\/v2\/comments?post=1489"}],"version-history":[{"count":2,"href":"https:\/\/themanekispin.org\/es\/wp-json\/wp\/v2\/pages\/1489\/revisions"}],"predecessor-version":[{"id":1837,"href":"https:\/\/themanekispin.org\/es\/wp-json\/wp\/v2\/pages\/1489\/revisions\/1837"}],"wp:attachment":[{"href":"https:\/\/themanekispin.org\/es\/wp-json\/wp\/v2\/media?parent=1489"}],"curies":[{"name":"wp","href":"https:\/\/api.w.org\/{rel}","templated":true}]}}