{"id":1484,"date":"2025-11-26T11:03:28","date_gmt":"2025-11-26T11:03:28","guid":{"rendered":"https:\/\/themanekispin.org\/login-and-registration\/"},"modified":"2025-12-24T14:27:23","modified_gmt":"2025-12-24T14:27:23","slug":"connexion-et-inscription","status":"publish","type":"page","link":"https:\/\/themanekispin.org\/fr\/connexion-et-inscription\/","title":{"rendered":"Connexion et inscription"},"content":{"rendered":"<h1>Connexion et Inscription \u00e0 Manekispin<\/h1>\n<p>La page Manekispin login vous permet d&rsquo;acc\u00e9der \u00e0 votre compte de jeu \u00e0 tout moment. La plateforme facilite le d\u00e9marrage, que vous soyez un nouveau joueur cr\u00e9ant votre premier compte ou un ancien membre qui revient. Il ne suffit que de quelques clics pour acc\u00e9der \u00e0 tout ce dont vous avez besoin pour g\u00e9rer votre compte et profiter du jeu.<\/p>\n<p><div class=\"banner-wrap\" aria-label=\"Banner\"><img src=\"https:\/\/themanekispin.org\/wp-content\/uploads\/2025\/11\/Manekispin-banner-carousel-800\u0445400-6.webp\" class=\"w-100 d-none d-lg-block img-pc main-banner-img\" alt=\"Manekispin desktop banner\" fetchpriority=\"high\" decoding=\"async\"><img src=\"https:\/\/themanekispin.org\/wp-content\/uploads\/2025\/11\/Manekispin-mobile-banner.webp\" class=\"w-100 d-none d-md-block d-lg-none main-banner-img\" alt=\"Manekispin mobile banner\" fetchpriority=\"high\" decoding=\"async\"><img src=\"https:\/\/themanekispin.org\/wp-content\/uploads\/2025\/11\/Manekispin-mobile-banner.webp\" class=\"w-100 d-md-none\" alt=\"Manekispin mobile banner\" fetchpriority=\"high\" decoding=\"async\"><div class=\"banner-description\">\n<div class=\"banner-title\">Bonus de bienvenue<\/div>\n<p class=\"banner-header-title\">1000 \u20ac<\/p>\n<div class=\"banner-header-AdditionalText\">+ 100 Tours gratuits<\/div>\n<button data-item=\"homepage_banner_link\" class=\"goto m-button m-gradient-border m-button--primary m-button--large banner-button btn-orange\">\n            <div class=\"m-button-content\">\n                <span>Inscrivez-vous d\u00e8s maintenant<\/span>\n                <span><\/span>\n            <\/div>\n        <\/button>\n<\/div>\n<div class=\"WelcomePack\">\n<p><img loading=\"lazy\" decoding=\"async\" class=\"alignnone size-full wp-image-1337\" src=\"https:\/\/themanekispin.org\/wp-content\/uploads\/2025\/11\/welcome-crown.svg\" alt=\"crown\" width=\"25\" height=\"26\" \/><\/p>\n<div class=\"WelcomePack-Info\">Cashback hebdomadaire jusqu&rsquo;\u00e0 25 %<\/div>\n<p><img loading=\"lazy\" decoding=\"async\" class=\"alignnone size-full wp-image-1337\" src=\"https:\/\/themanekispin.org\/wp-content\/uploads\/2025\/11\/welcome-crown.svg\" alt=\"crown\" width=\"25\" height=\"26\" \/><\/p>\n<\/div>\n<\/div><div class=\"scrollable-content-wrap my-5\"><div class=\"scrollable-content-inner\"><h2>Inscrivez-vous pour Jouer sur Maneki Spin<\/h2>\n<p>Apr\u00e8s avoir cr\u00e9\u00e9 un compte sur Manekispin, vous pouvez imm\u00e9diatement utiliser toute la plateforme de jeu. Les joueurs inscrits peuvent parcourir toute la biblioth\u00e8que de jeux, b\u00e9n\u00e9ficier des bonus de bienvenue et participer \u00e0 des \u00e9v\u00e9nements promotionnels. Votre compte est votre centre de jeu personnel, o\u00f9 vous pouvez suivre votre activit\u00e9, effectuer des paiements et d\u00e9finir vos pr\u00e9f\u00e9rences.<\/p>\n<p>Les titulaires de compte peuvent utiliser des moyens s\u00e9curis\u00e9s pour d\u00e9poser et retirer de l&rsquo;argent, obtenir des recommandations de jeux personnalis\u00e9es et profiter d&rsquo;avantages r\u00e9serv\u00e9s aux membres. L&rsquo;inscription ne prend que quelques minutes, et vous n&rsquo;avez qu&rsquo;\u00e0 renseigner quelques informations de base pour cr\u00e9er votre profil.<\/p>\n<h3>Comment Cr\u00e9er un Compte<\/h3>\n<p>Le processus d&rsquo;inscription sur Manekispin ne comporte que deux \u00e9tapes.<\/p>\n<p>Inscription Initiale<\/p>\n<ol>\n<li>Cliquez sur le bouton S&rsquo;inscrire sur la page d&rsquo;accueil.<\/li>\n<li>Entrez votre adresse e-mail dans le champ d\u00e9sign\u00e9.<\/li>\n<li>Cr\u00e9ez un mot de passe fort d&rsquo;au moins 8 caract\u00e8res.<\/li>\n<li>Lisez les Conditions G\u00e9n\u00e9rales.<\/li>\n<li>Cochez la case pour confirmer votre accord.<\/li>\n<li>Cliquez sur le bouton S&rsquo;inscrire pour continuer.<\/li>\n<\/ol>\n<p>Finalisation du Profil<\/p>\n<p>Apr\u00e8s l&rsquo;inscription initiale, une seconde fen\u00eatre appara\u00eet demandant des d\u00e9tails suppl\u00e9mentaires :<\/p>\n<ol>\n<li>Tapez votre pr\u00e9nom exactement comme il appara\u00eet sur votre pi\u00e8ce d&rsquo;identit\u00e9.<\/li>\n<li>Indiquez votre nom de famille dans le m\u00eame format.<\/li>\n<li>Choisissez votre date de naissance dans le calendrier.<\/li>\n<li>Saisissez votre num\u00e9ro de t\u00e9l\u00e9phone avec l&rsquo;indicatif du pays.<\/li>\n<li>Cliquez sur le bouton Enregistrer pour finaliser votre profil.<\/li>\n<\/ol>\n<p>Apr\u00e8s avoir termin\u00e9 ces deux \u00e9tapes, votre profil sera imm\u00e9diatement actif. Vous pouvez maintenant vous connecter et commencer \u00e0 explorer la plateforme.<\/p>\n<h2>Gestion du Compte Manekispin<\/h2>\n<p>Se connecter au casino Manekispin vous donne un contr\u00f4le total sur votre jeu. Le processus de connexion est con\u00e7u pour \u00eatre rapide tout en respectant les normes de s\u00e9curit\u00e9.<\/p>\n<ol>\n<li>Trouvez le bouton Connexion sur la page d&rsquo;accueil pour acc\u00e9der \u00e0 votre profil.<\/li>\n<li>Entrez l&rsquo;adresse e-mail que vous avez utilis\u00e9e lors de l&rsquo;inscription et le mot de passe que vous avez choisi.<\/li>\n<li>Cliquez sur le bouton Connexion pour acc\u00e9der \u00e0 votre tableau de bord de compte.<\/li>\n<\/ol>\n<p>Apr\u00e8s vous \u00eatre connect\u00e9, votre tableau de bord de profil affiche plusieurs fonctionnalit\u00e9s importantes. Vous pouvez visualiser votre solde actuel, consulter les transactions r\u00e9centes et parcourir votre historique de jeu. Vous pouvez modifier vos pr\u00e9f\u00e9rences de communication, d\u00e9finir des limites de d\u00e9p\u00f4t et g\u00e9rer les param\u00e8tres de s\u00e9curit\u00e9 dans le menu.<\/p>\n<p>Votre profil de compte comprend des sections pour les informations personnelles, les m\u00e9thodes de paiement et le suivi des bonus. Vous pouvez voir votre statut de v\u00e9rification, ajouter ou supprimer des options de paiement et voir les promotions actuellement en cours. La disposition de l&rsquo;interface permet de trouver facilement ce dont vous avez besoin sans avoir \u00e0 naviguer inutilement.<\/p>\n<h3>R\u00e9initialisation du Mot de Passe Maneki Spin<\/h3>\n<p>Le syst\u00e8me de r\u00e9cup\u00e9ration de mot de passe est un moyen rapide de retrouver l&rsquo;acc\u00e8s \u00e0 votre compte si vous ne vous souvenez plus de vos informations de connexion.<\/p>\n<ol>\n<li>Sur la page de connexion, cliquez sur le lien \u00ab\u00a0Mot de passe oubli\u00e9 ?\u00a0\u00bb.<\/li>\n<li>Tapez votre adresse e-mail enregistr\u00e9e et cliquez sur \u00ab\u00a0Envoyer\u00a0\u00bb.<\/li>\n<li>V\u00e9rifiez votre bo\u00eete de r\u00e9ception e-mail pour un message de r\u00e9initialisation de mot de passe de Maneki Spin. L&rsquo;e-mail contient un lien qui vous redirige vers la page de r\u00e9initialisation du mot de passe.<\/li>\n<li>Cliquez sur le lien et cr\u00e9ez votre nouveau mot de passe en respectant les m\u00eames exigences que lors de la configuration initiale.<\/li>\n<\/ol>\n<p>Le lien de r\u00e9initialisation sera valable pendant 24 heures. Si vous ne terminez pas le processus dans ce d\u00e9lai, vous devrez demander un nouveau lien de r\u00e9initialisation. Vous pouvez vous connecter imm\u00e9diatement avec votre nouveau mot de passe apr\u00e8s l&rsquo;avoir mis \u00e0 jour avec succ\u00e8s.<\/p>\n<p>Si vous rencontrez des probl\u00e8mes pour r\u00e9cup\u00e9rer vos informations de connexion, veuillez contacter notre \u00e9quipe d&rsquo;assistance via le chat en direct ou par e-mail. L&rsquo;\u00e9quipe d&rsquo;assistance multilingue est toujours pr\u00eate \u00e0 vous aider pour tout probl\u00e8me li\u00e9 \u00e0 la connexion dans votre langue maternelle.<\/p>\n<h2>Importance du Processus de V\u00e9rification<\/h2>\n<p>Le processus de v\u00e9rification du compte prot\u00e8ge \u00e0 la fois vous et la plateforme contre les acc\u00e8s non autoris\u00e9s et la fraude. Manekispin a besoin de v\u00e9rifier votre identit\u00e9 avant de pouvoir traiter vos demandes de retrait.<\/p>\n<p>Pour v\u00e9rifier votre profil, vous devez envoyer certains documents via votre tableau de bord de compte. Allez dans la section V\u00e9rification dans les param\u00e8tres de votre profil. La plateforme demande g\u00e9n\u00e9ralement deux types de documents :<\/p>\n<ul>\n<li>V\u00e9rification d&rsquo;Identit\u00e9<br \/>\nT\u00e9l\u00e9chargez une photo ou un scan clair de votre pi\u00e8ce d&rsquo;identit\u00e9 gouvernementale, de votre passeport ou de votre permis de conduire. Le document doit montrer votre nom complet, votre photo, votre date de naissance et sa date d&rsquo;expiration.<\/li>\n<li>Confirmation d&rsquo;Adresse<br \/>\nFournissez une facture de service public r\u00e9cente, un relev\u00e9 bancaire ou une correspondance gouvernementale officielle datant des trois dern mois. Votre nom complet et votre adresse r\u00e9sidentielle actuelle doivent figurer sur le document.<\/li>\n<\/ul>\n<p>L&rsquo;\u00e9quipe de v\u00e9rification examine les soumissions sous 24 \u00e0 48 heures pendant les jours ouvrables. Vous recevrez une notification par e-mail une fois votre compte v\u00e9rifi\u00e9. Les comptes v\u00e9rifi\u00e9s b\u00e9n\u00e9ficient d&rsquo;un traitement des retraits plus rapide et de limites de transaction plus \u00e9lev\u00e9es.<\/p>\n<table>\n<tbody>\n<tr>\n<td>Type de document<\/td>\n<td>But<\/td>\n<td>D\u00e9lai de traitement<\/td>\n<\/tr>\n<tr>\n<td>Pi\u00e8ce d&rsquo;identit\u00e9<\/td>\n<td>Confirmation d&rsquo;identit\u00e9<\/td>\n<td>24 \u00e0 48 heures<\/td>\n<\/tr>\n<tr>\n<td>Justificatif de domicile<\/td>\n<td>V\u00e9rification de r\u00e9sidence<\/td>\n<td>24 \u00e0 48 heures<\/td>\n<\/tr>\n<\/tbody>\n<\/table>\n<h2>FAQ<\/h2>\n<h3>Est-il possible de modifier mes informations personnelles apr\u00e8s mon inscription ?<\/h3>\n<p>Oui, vous pouvez modifier certaines informations de votre compte dans les param\u00e8tres de votre profil. Allez dans la section Informations Personnelles apr\u00e8s vous \u00eatre connect\u00e9 \u00e0 votre profil. Vous pouvez modifier votre num\u00e9ro de t\u00e9l\u00e9phone, votre adresse et vos pr\u00e9f\u00e9rences de communication \u00e0 tout moment.<\/p>\n<h3>Que dois-je faire si je ne me souviens plus de mon identifiant ou de mon mot de passe ?<\/h3>\n<p>Si vous oubliez votre mot de passe, vous pouvez utiliser le lien de r\u00e9cup\u00e9ration de mot de passe sur la page de connexion. Entrez votre adresse e-mail enregistr\u00e9e pour recevoir les instructions de r\u00e9initialisation de votre mot de passe. Cela ne prend que quelques minutes, et vous pouvez cr\u00e9er un nouveau mot de passe imm\u00e9diatement.<\/p>\n<h3>Pourquoi la v\u00e9rification du compte Manekispin est-elle requise ?<\/h3>\n<p>La v\u00e9rification prot\u00e8ge votre profil et respecte les r\u00e8gles \u00e9tablies par les r\u00e9gulateurs. Pour des raisons de s\u00e9curit\u00e9, le processus garantit que vous \u00eates le l\u00e9gitime propri\u00e9taire du compte et emp\u00eache toute autre personne d&rsquo;acc\u00e9der \u00e0 votre compte ou \u00e0 vos fonds.<\/p>\n<\/div><\/div><\/p>\n","protected":false},"excerpt":{"rendered":"<p>Connexion et Inscription \u00e0 Manekispin La page Manekispin login vous permet d&rsquo;acc\u00e9der \u00e0 votre compte de jeu \u00e0 tout moment. La plateforme facilite le d\u00e9marrage, que vous soyez un nouveau joueur cr\u00e9ant votre premier compte ou un ancien membre qui revient. Il ne suffit que de quelques clics pour acc\u00e9der \u00e0 tout ce dont vous [&hellip;]<\/p>\n","protected":false},"author":1,"featured_media":0,"parent":0,"menu_order":0,"comment_status":"closed","ping_status":"closed","template":"template-builder.php","meta":{"_acf_changed":false,"inline_featured_image":false,"footnotes":""},"class_list":["post-1484","page","type-page","status-publish","hentry"],"acf":[],"yoast_head":"<!-- This site is optimized with the Yoast SEO plugin v27.3 - https:\/\/yoast.com\/product\/yoast-seo-wordpress\/ -->\n<title>Manekispin Login | Se connecter ou cr\u00e9er un nouveau compte<\/title>\n<meta name=\"description\" content=\"Les nouveaux utilisateurs peuvent cr\u00e9er un Maneki Spin login en quelques secondes. Les joueurs d\u00e9j\u00e0 inscrits peuvent se connecter en toute s\u00e9curit\u00e9 pour g\u00e9rer leur profil, suivre leurs bonus et v\u00e9rifier facilement leur compte.\" \/>\n<meta name=\"robots\" content=\"index, follow, max-snippet:-1, max-image-preview:large, max-video-preview:-1\" \/>\n<link rel=\"canonical\" href=\"https:\/\/themanekispin.org\/fr\/connexion-et-inscription\/\" \/>\n<meta property=\"og:locale\" content=\"fr_FR\" \/>\n<meta property=\"og:type\" content=\"article\" \/>\n<meta property=\"og:title\" content=\"Manekispin Login | Se connecter ou cr\u00e9er un nouveau compte\" \/>\n<meta property=\"og:description\" content=\"Les nouveaux utilisateurs peuvent cr\u00e9er un Maneki Spin login en quelques secondes. Les joueurs d\u00e9j\u00e0 inscrits peuvent se connecter en toute s\u00e9curit\u00e9 pour g\u00e9rer leur profil, suivre leurs bonus et v\u00e9rifier facilement leur compte.\" \/>\n<meta property=\"og:url\" content=\"https:\/\/themanekispin.org\/fr\/connexion-et-inscription\/\" \/>\n<meta property=\"og:site_name\" content=\"rockyspin\" \/>\n<meta property=\"article:modified_time\" content=\"2025-12-24T14:27:23+00:00\" \/>\n<meta name=\"twitter:card\" content=\"summary_large_image\" \/>\n<meta name=\"twitter:label1\" content=\"Dur\u00e9e de lecture estim\u00e9e\" \/>\n\t<meta name=\"twitter:data1\" content=\"1 minute\" \/>\n<script type=\"application\/ld+json\" class=\"yoast-schema-graph\">{\"@context\":\"https:\\\/\\\/schema.org\",\"@graph\":[{\"@type\":\"WebPage\",\"@id\":\"https:\\\/\\\/themanekispin.org\\\/fr\\\/connexion-et-inscription\\\/\",\"url\":\"https:\\\/\\\/themanekispin.org\\\/fr\\\/connexion-et-inscription\\\/\",\"name\":\"Manekispin Login | Se connecter ou cr\u00e9er un nouveau compte\",\"isPartOf\":{\"@id\":\"https:\\\/\\\/themanekispin.org\\\/fr\\\/#website\"},\"datePublished\":\"2025-11-26T11:03:28+00:00\",\"dateModified\":\"2025-12-24T14:27:23+00:00\",\"description\":\"Les nouveaux utilisateurs peuvent cr\u00e9er un Maneki Spin login en quelques secondes. Les joueurs d\u00e9j\u00e0 inscrits peuvent se connecter en toute s\u00e9curit\u00e9 pour g\u00e9rer leur profil, suivre leurs bonus et v\u00e9rifier facilement leur compte.\",\"breadcrumb\":{\"@id\":\"https:\\\/\\\/themanekispin.org\\\/fr\\\/connexion-et-inscription\\\/#breadcrumb\"},\"inLanguage\":\"fr-FR\",\"potentialAction\":[{\"@type\":\"ReadAction\",\"target\":[\"https:\\\/\\\/themanekispin.org\\\/fr\\\/connexion-et-inscription\\\/\"]}]},{\"@type\":\"BreadcrumbList\",\"@id\":\"https:\\\/\\\/themanekispin.org\\\/fr\\\/connexion-et-inscription\\\/#breadcrumb\",\"itemListElement\":[{\"@type\":\"ListItem\",\"position\":1,\"name\":\"Manekispin\",\"item\":\"https:\\\/\\\/themanekispin.org\\\/fr\\\/\"},{\"@type\":\"ListItem\",\"position\":2,\"name\":\"Connexion et inscription\"}]},{\"@type\":\"WebSite\",\"@id\":\"https:\\\/\\\/themanekispin.org\\\/fr\\\/#website\",\"url\":\"https:\\\/\\\/themanekispin.org\\\/fr\\\/\",\"name\":\"Manekispin\",\"description\":\"\",\"publisher\":{\"@id\":\"https:\\\/\\\/themanekispin.org\\\/fr\\\/#organization\"},\"potentialAction\":[{\"@type\":\"SearchAction\",\"target\":{\"@type\":\"EntryPoint\",\"urlTemplate\":\"https:\\\/\\\/themanekispin.org\\\/fr\\\/?s={search_term_string}\"},\"query-input\":{\"@type\":\"PropertyValueSpecification\",\"valueRequired\":true,\"valueName\":\"search_term_string\"}}],\"inLanguage\":\"fr-FR\"},{\"@type\":\"Organization\",\"@id\":\"https:\\\/\\\/themanekispin.org\\\/fr\\\/#organization\",\"name\":\"Manekispin\",\"url\":\"https:\\\/\\\/themanekispin.org\\\/fr\\\/\",\"logo\":{\"@type\":\"ImageObject\",\"inLanguage\":\"fr-FR\",\"@id\":\"https:\\\/\\\/themanekispin.org\\\/fr\\\/#\\\/schema\\\/logo\\\/image\\\/\",\"url\":\"https:\\\/\\\/themanekispin.org\\\/wp-content\\\/uploads\\\/2025\\\/11\\\/logo.svg\",\"contentUrl\":\"https:\\\/\\\/themanekispin.org\\\/wp-content\\\/uploads\\\/2025\\\/11\\\/logo.svg\",\"width\":79,\"height\":24,\"caption\":\"Manekispin\"},\"image\":{\"@id\":\"https:\\\/\\\/themanekispin.org\\\/fr\\\/#\\\/schema\\\/logo\\\/image\\\/\"}}]}<\/script>\n<!-- \/ Yoast SEO plugin. -->","yoast_head_json":{"title":"Manekispin Login | Se connecter ou cr\u00e9er un nouveau compte","description":"Les nouveaux utilisateurs peuvent cr\u00e9er un Maneki Spin login en quelques secondes. Les joueurs d\u00e9j\u00e0 inscrits peuvent se connecter en toute s\u00e9curit\u00e9 pour g\u00e9rer leur profil, suivre leurs bonus et v\u00e9rifier facilement leur compte.","robots":{"index":"index","follow":"follow","max-snippet":"max-snippet:-1","max-image-preview":"max-image-preview:large","max-video-preview":"max-video-preview:-1"},"canonical":"https:\/\/themanekispin.org\/fr\/connexion-et-inscription\/","og_locale":"fr_FR","og_type":"article","og_title":"Manekispin Login | Se connecter ou cr\u00e9er un nouveau compte","og_description":"Les nouveaux utilisateurs peuvent cr\u00e9er un Maneki Spin login en quelques secondes. Les joueurs d\u00e9j\u00e0 inscrits peuvent se connecter en toute s\u00e9curit\u00e9 pour g\u00e9rer leur profil, suivre leurs bonus et v\u00e9rifier facilement leur compte.","og_url":"https:\/\/themanekispin.org\/fr\/connexion-et-inscription\/","og_site_name":"rockyspin","article_modified_time":"2025-12-24T14:27:23+00:00","twitter_card":"summary_large_image","twitter_misc":{"Dur\u00e9e de lecture estim\u00e9e":"1 minute"},"schema":{"@context":"https:\/\/schema.org","@graph":[{"@type":"WebPage","@id":"https:\/\/themanekispin.org\/fr\/connexion-et-inscription\/","url":"https:\/\/themanekispin.org\/fr\/connexion-et-inscription\/","name":"Manekispin Login | Se connecter ou cr\u00e9er un nouveau compte","isPartOf":{"@id":"https:\/\/themanekispin.org\/fr\/#website"},"datePublished":"2025-11-26T11:03:28+00:00","dateModified":"2025-12-24T14:27:23+00:00","description":"Les nouveaux utilisateurs peuvent cr\u00e9er un Maneki Spin login en quelques secondes. Les joueurs d\u00e9j\u00e0 inscrits peuvent se connecter en toute s\u00e9curit\u00e9 pour g\u00e9rer leur profil, suivre leurs bonus et v\u00e9rifier facilement leur compte.","breadcrumb":{"@id":"https:\/\/themanekispin.org\/fr\/connexion-et-inscription\/#breadcrumb"},"inLanguage":"fr-FR","potentialAction":[{"@type":"ReadAction","target":["https:\/\/themanekispin.org\/fr\/connexion-et-inscription\/"]}]},{"@type":"BreadcrumbList","@id":"https:\/\/themanekispin.org\/fr\/connexion-et-inscription\/#breadcrumb","itemListElement":[{"@type":"ListItem","position":1,"name":"Manekispin","item":"https:\/\/themanekispin.org\/fr\/"},{"@type":"ListItem","position":2,"name":"Connexion et inscription"}]},{"@type":"WebSite","@id":"https:\/\/themanekispin.org\/fr\/#website","url":"https:\/\/themanekispin.org\/fr\/","name":"Manekispin","description":"","publisher":{"@id":"https:\/\/themanekispin.org\/fr\/#organization"},"potentialAction":[{"@type":"SearchAction","target":{"@type":"EntryPoint","urlTemplate":"https:\/\/themanekispin.org\/fr\/?s={search_term_string}"},"query-input":{"@type":"PropertyValueSpecification","valueRequired":true,"valueName":"search_term_string"}}],"inLanguage":"fr-FR"},{"@type":"Organization","@id":"https:\/\/themanekispin.org\/fr\/#organization","name":"Manekispin","url":"https:\/\/themanekispin.org\/fr\/","logo":{"@type":"ImageObject","inLanguage":"fr-FR","@id":"https:\/\/themanekispin.org\/fr\/#\/schema\/logo\/image\/","url":"https:\/\/themanekispin.org\/wp-content\/uploads\/2025\/11\/logo.svg","contentUrl":"https:\/\/themanekispin.org\/wp-content\/uploads\/2025\/11\/logo.svg","width":79,"height":24,"caption":"Manekispin"},"image":{"@id":"https:\/\/themanekispin.org\/fr\/#\/schema\/logo\/image\/"}}]}},"_links":{"self":[{"href":"https:\/\/themanekispin.org\/fr\/wp-json\/wp\/v2\/pages\/1484","targetHints":{"allow":["GET"]}}],"collection":[{"href":"https:\/\/themanekispin.org\/fr\/wp-json\/wp\/v2\/pages"}],"about":[{"href":"https:\/\/themanekispin.org\/fr\/wp-json\/wp\/v2\/types\/page"}],"author":[{"embeddable":true,"href":"https:\/\/themanekispin.org\/fr\/wp-json\/wp\/v2\/users\/1"}],"replies":[{"embeddable":true,"href":"https:\/\/themanekispin.org\/fr\/wp-json\/wp\/v2\/comments?post=1484"}],"version-history":[{"count":2,"href":"https:\/\/themanekispin.org\/fr\/wp-json\/wp\/v2\/pages\/1484\/revisions"}],"predecessor-version":[{"id":1853,"href":"https:\/\/themanekispin.org\/fr\/wp-json\/wp\/v2\/pages\/1484\/revisions\/1853"}],"wp:attachment":[{"href":"https:\/\/themanekispin.org\/fr\/wp-json\/wp\/v2\/media?parent=1484"}],"curies":[{"name":"wp","href":"https:\/\/api.w.org\/{rel}","templated":true}]}}