{"id":1440,"date":"2025-11-26T11:00:02","date_gmt":"2025-11-26T11:00:02","guid":{"rendered":"https:\/\/themanekispin.org\/app\/"},"modified":"2025-11-26T14:25:30","modified_gmt":"2025-11-26T14:25:30","slug":"app","status":"publish","type":"page","link":"https:\/\/themanekispin.org\/it\/app\/","title":{"rendered":"App"},"content":{"rendered":"<h1>App Mobile Manekispin<\/h1>\n<p>Con l&#8217;app Manekispin, puoi giocare ai tuoi giochi preferiti in qualsiasi momento. Questa piattaforma ti permette di giocare ovunque, che tu preferisca farlo sul tuo smartphone, tablet o computer desktop. La progressive web app pu\u00f2 essere utilizzata su qualsiasi dispositivo e non deve essere scaricata da un app store.<\/p>\n<div class=\"banner-wrap\" aria-label=\"Banner\"><img src=\"https:\/\/themanekispin.org\/wp-content\/uploads\/2025\/11\/Manekispin-banner-carousel-800\u0445400-6.webp\" class=\"w-100 d-none d-lg-block img-pc main-banner-img\" alt=\"Manekispin desktop banner\" fetchpriority=\"high\" decoding=\"async\"><img src=\"https:\/\/themanekispin.org\/wp-content\/uploads\/2025\/11\/Manekispin-mobile-banner.webp\" class=\"w-100 d-none d-md-block d-lg-none main-banner-img\" alt=\"Manekispin mobile banner\" fetchpriority=\"high\" decoding=\"async\"><img src=\"https:\/\/themanekispin.org\/wp-content\/uploads\/2025\/11\/Manekispin-mobile-banner.webp\" class=\"w-100 d-md-none\" alt=\"Manekispin mobile banner\" fetchpriority=\"high\" decoding=\"async\"><div class=\"banner-description\">\n<div class=\"banner-title\">Bonus di benvenuto<\/div>\n<p class=\"banner-header-title\">1500 \u20ac<\/p>\n<div class=\"banner-header-AdditionalText\">+ 250 Giri gratuiti<\/div>\n<button data-item=\"homepage_banner_link\" class=\"goto m-button m-gradient-border m-button--primary m-button--large banner-button btn-orange\">\n            <div class=\"m-button-content\">\n                <span>Iscriviti ora<\/span>\n                <span><\/span>\n            <\/div>\n        <\/button>\n<\/div>\n<div class=\"WelcomePack\">\n<p><img loading=\"lazy\" decoding=\"async\" class=\"alignnone size-full wp-image-1337\" src=\"https:\/\/themanekispin.org\/wp-content\/uploads\/2025\/11\/welcome-crown.svg\" alt=\"crown\" width=\"25\" height=\"26\" \/><\/p>\n<div class=\"WelcomePack-Info\">Cashback settimanale fino al 25%<\/div>\n<p><img loading=\"lazy\" decoding=\"async\" class=\"alignnone size-full wp-image-1337\" src=\"https:\/\/themanekispin.org\/wp-content\/uploads\/2025\/11\/welcome-crown.svg\" alt=\"crown\" width=\"25\" height=\"26\" \/><\/p>\n<\/div>\n<\/div>\n<h2>Perch\u00e9 Scegliere l&#8217;App Manekispin<\/h2>\n<p>Ci sono molti vantaggi nell&#8217;usare l&#8217;app Manekispin che migliorano la tua esperienza di gioco. Sarai informato su nuove offerte e bonus non appena sono disponibili grazie alle notifiche push. Indipendentemente dal fatto che tu sia su un telefono, tablet o computer desktop, l&#8217;interfaccia ottimizzata si adatter\u00e0 alle dimensioni del tuo schermo.<\/p>\n<p>L&#8217;app memorizza nella cache le parti importanti sul tuo dispositivo, quindi le pagine si caricano pi\u00f9 velocemente rispetto a un normale browser mobile. Ci\u00f2 avvia i giochi pi\u00f9 rapidamente e rende pi\u00f9 fluido il passaggio tra le sezioni. Utilizzerai anche meno dati durante il gioco, il che \u00e8 positivo se hai un piano dati mobile limitato.<\/p>\n<table>\n<tbody>\n<tr>\n<td>Funzionalit\u00e0<\/td>\n<td>Descrizione<\/td>\n<td>Vantaggio per il Giocatore<\/td>\n<\/tr>\n<tr>\n<td>Notifiche Push<\/td>\n<td>Avvisi immediati per promozioni e bonus<\/td>\n<td>Non perdere mai offerte speciali o offerte a tempo limitato<\/td>\n<\/tr>\n<tr>\n<td>Accesso Rapido<\/td>\n<td>L&#8217;icona dell&#8217;app rimane sulla schermata home<\/td>\n<td>Accesso rapido senza digitare URL o cercare segnalibri<\/td>\n<\/tr>\n<tr>\n<td>Prestazioni Ottimizzate<\/td>\n<td>Grafica compressa e contenuti nella cache<\/td>\n<td>Tempi di caricamento pi\u00f9 veloci e uso dati ridotto<\/td>\n<\/tr>\n<tr>\n<td>Modalit\u00e0 Schermo Intero<\/td>\n<td>Nessuna barra del browser o elemento di navigazione<\/td>\n<td>Esperienza di gioco immersiva con spazio massimo sullo schermo<\/td>\n<\/tr>\n<tr>\n<td>Aggiornamenti Automatici<\/td>\n<td>Aggiornamento automatico all&#8217;avvio<\/td>\n<td>Accesso sempre alle ultime funzionalit\u00e0 e miglioramenti della sicurezza<\/td>\n<\/tr>\n<tr>\n<td>Sincronizzazione Incrociata<\/td>\n<td>Stesso account funziona ovunque<\/td>\n<td>Passa facilmente tra telefono, tablet e computer<\/td>\n<\/tr>\n<\/tbody>\n<\/table>\n<p>I giocatori desktop hanno schermi pi\u00f9 grandi che possono mostrare pi\u00f9 informazioni di gioco contemporaneamente. La visualizzazione pi\u00f9 ampia rende pi\u00f9 facile orientarsi tra le categorie di giochi e controllare le informazioni del proprio account senza dover scorrere. Ad alcuni giocatori piace la precisione dei controlli del mouse per alcuni tipi di giochi, mentre altri apprezzano poter tenere la piattaforma aperta insieme ad altre schede del browser.<\/p>\n<p><div style=\"clear: both\"><\/div><div class=\"d-flex justify-content-center\"><button data-item=\"decouvrez_link\" data-group=\"website_links\" class=\"goto fw-bold rounded-pill btn btn-orange\" aria-label=\"Scarica l&#039;app ManekiSpin\" >Scarica l&#039;app ManekiSpin<\/button><\/div><div class=\"scrollable-content-wrap my-5\"><div class=\"scrollable-content-inner\"><h2>Iniziare su Dispositivi iOS<\/h2>\n<p>Gli utenti iPhone e iPad possono accedere al casino Manekispin tramite una progressive web app che funziona come un&#8217;app nativa ma non deve essere scaricata dall&#8217;App Store.<\/p>\n<h3>Installa l&#8217;App Maneki Spin su iOS<\/h3>\n<ol>\n<li>Apri Safari sul tuo iPhone o iPad e visita il sito web ufficiale di Manekispin<\/li>\n<li>Tocca il pulsante &#8220;Condividi&#8221; in basso al centro dello schermo<\/li>\n<li>Scorri il menu e seleziona &#8220;Aggiungi alla Schermata Home&#8221;<\/li>\n<li>Personalizza il nome dell&#8217;app se lo desideri, poi tocca &#8220;Aggiungi&#8221; in alto a destra<\/li>\n<li>Trova l&#8217;icona di Maneki Spin sulla tua schermata home insieme alle altre app<\/li>\n<li>Tocca l&#8217;icona per avviare la piattaforma in modalit\u00e0 a schermo intero<\/li>\n<\/ol>\n<p>Quando l&#8217;app si apre, non ci sono controlli del browser, creando uno spazio completamente separato per il gioco. Le tue sessioni rimangono separate dalla normale navigazione in Safari e l&#8217;icona rimane sulla schermata home per un accesso in qualsiasi momento.<\/p>\n<p>Se riscontri problemi con il processo di installazione dell&#8217;app, contatta il team di supporto tramite live chat o email.<\/p>\n<p><img loading=\"lazy\" decoding=\"async\" src=\"https:\/\/themanekispin.org\/wp-content\/uploads\/2025\/11\/Manekispin-iOS-App.webp\" alt=\"Manekispin iOS App\" width=\"1248\" height=\"536\" \/><\/p>\n<\/div><\/div><div style=\"clear: both\"><\/div><div class=\"d-flex justify-content-center\"><button data-item=\"decouvrez_link\" data-group=\"website_links\" class=\"goto fw-bold rounded-pill btn btn-orange\" aria-label=\"Scarica ManekiSpin\" >Scarica ManekiSpin<\/button><\/div><div class=\"scrollable-content-wrap my-5\"><div class=\"scrollable-content-inner\"><h2>Gli Utenti Android Ottengono Tutte le Funzionalit\u00e0 dell&#8217;App<\/h2>\n<p>I dispositivi Android supportano la stessa tecnologia di progressive web application, offrendoti un&#8217;esperienza casino completa tramite il tuo browser.<\/p>\n<h3>Scarica Manekispin per Android<\/h3>\n<ol>\n<li>Apri Chrome o il tuo browser preferito sul dispositivo Android<\/li>\n<li>Vai sul sito web ufficiale di Manekispin<\/li>\n<li>Tocca l&#8217;icona del menu nella barra degli indirizzi del browser<\/li>\n<li>Seleziona &#8220;Aggiungi alla schermata home&#8221; dal menu a discesa<\/li>\n<li>Scegli un nome per il collegamento e tocca &#8220;Aggiungi&#8221;<\/li>\n<li>Trova la nuova icona di Maneki Spin nel drawer delle app o nella schermata home<\/li>\n<li>Trascina l&#8217;icona nella posizione preferita della schermata home tenendola premuta<\/li>\n<\/ol>\n<p>Quando la PWA si apre, occupa l&#8217;intero schermo, proprio come un&#8217;app nativa. Se hai una connessione internet e apri l&#8217;app, gli aggiornamenti avverranno automaticamente, assicurandoti di avere sempre l&#8217;ultima versione.<\/p>\n<p><img loading=\"lazy\" decoding=\"async\" src=\"https:\/\/themanekispin.org\/wp-content\/uploads\/2025\/11\/Manekispin-Android-App.webp\" alt=\"Manekispin Android App\" width=\"1248\" height=\"536\" \/><\/p>\n<\/div><\/div><div style=\"clear: both\"><\/div><div class=\"d-flex justify-content-center\"><button data-item=\"decouvrez_link\" data-group=\"website_links\" class=\"goto fw-bold rounded-pill btn btn-orange\" aria-label=\"Scarica l&#039;app ManekiSpin\" >Scarica l&#039;app ManekiSpin<\/button><\/div><div class=\"scrollable-content-wrap my-5\"><div class=\"scrollable-content-inner\"><h2>Manekispin per Windows\/Mac<\/h2>\n<p>Puoi anche giocare su Manekispin sul tuo computer desktop utilizzando qualsiasi browser web moderno. Gli utenti sia Windows che Mac possono accedere alla stessa piattaforma completa senza dover scaricare software aggiuntivo.<\/p>\n<ol>\n<li>Apri Chrome, Firefox, Safari o Edge e visita il sito web di Manekispin.<\/li>\n<li>Accedi con le tue credenziali esistenti o crea un nuovo account se sei un utente per la prima volta.<\/li>\n<\/ol>\n<p>L&#8217;interfaccia desktop riempie lo schermo e mostra le categorie di giochi, come le slot online, i contenuti in evidenza e le informazioni del tuo account in modo ordinato.<\/p>\n<p>Creare un collegamento sul desktop rende pi\u00f9 facile l&#8217;accesso in futuro.<\/p>\n<ol>\n<li>In Chrome, fai clic sul menu dei tre punti in alto a destra, seleziona &#8220;Altri strumenti&#8221;, poi &#8220;Crea collegamento&#8221;.<\/li>\n<li>Dai un nome al tuo collegamento e spunta la casella per &#8220;Apri come finestra&#8221; per avviare Manekispin nella sua finestra senza schede del browser.<\/li>\n<\/ol>\n<p>Gli utenti di Safari su Mac possono trascinare l&#8217;icona dell&#8217;URL dalla barra degli indirizzi sul desktop. Con un clic, questo crea un collegamento che apre Maneki Spin in una nuova finestra del browser. Se usi Firefox, puoi fare clic destro sulla pagina, scegliere &#8220;Crea collegamento&#8221;, e poi decidere se posizionarlo sul desktop o nel menu Start.<\/p>\n<p>Il gioco desktop si adatta ai giocatori che preferiscono sessioni di gioco pi\u00f9 lunghe alla scrivania o schermi pi\u00f9 grandi per grafiche dettagliate. Lo schermo pi\u00f9 ampio rende pi\u00f9 facile monitorare pi\u00f9 elementi di gioco contemporaneamente e riduce l&#8217;affaticamento degli occhi durante le sessioni prolungate. Puoi anche ridimensionare la finestra del browser o usare monitor duali per vedere la piattaforma affiancata ad altre app.<\/p>\n<p><img loading=\"lazy\" decoding=\"async\" src=\"https:\/\/themanekispin.org\/wp-content\/uploads\/2025\/11\/Manekispin-Desktop.webp\" alt=\"Manekispin Desktop\" width=\"1248\" height=\"536\" \/><\/p>\n<\/div><\/div><div style=\"clear: both\"><\/div><div class=\"d-flex justify-content-center\"><button data-item=\"decouvrez_link\" data-group=\"website_links\" class=\"goto fw-bold rounded-pill btn btn-orange\" aria-label=\"Scarica ManekiSpin\" >Scarica ManekiSpin<\/button><\/div><div class=\"scrollable-content-wrap my-5\"><div class=\"scrollable-content-inner\"><h2>Domande Frequenti<\/h2>\n<h3>Maneki Spin \u00e8 disponibile per Android e iOS?<\/h3>\n<p>La tecnologia delle progressive web application supporta entrambe le piattaforme. Gli utenti Android e iOS possono aggiungere Manekispin alle loro schermate home direttamente dai loro browser. Il processo di installazione richiede meno di un minuto su entrambe le piattaforme e non richiede approvazioni da app store o download.<\/p>\n<h3>In cosa differisce giocare su PC rispetto al telefono?<\/h3>\n<p>Le app casino mobile ti permettono di giocare in movimento con facilit\u00e0 grazie alla loro portabilit\u00e0, notifiche push e controlli touch migliorati. L&#8217;interfaccia compatta funziona alla grande su schermi pi\u00f9 piccoli e mantiene tutte le funzionalit\u00e0 importanti. Le versioni desktop hanno schermi pi\u00f9 grandi, un migliore multitasking con le schede del browser e controlli del mouse pi\u00f9 precisi per alcuni tipi di giochi. Puoi giocare e utilizzare il tuo account su entrambe le piattaforme, quindi la scelta dipende da dove e come preferisci giocare.<\/p>\n<h3>Posso accedere sia al sito web che all&#8217;app con lo stesso account?<\/h3>\n<p>Non devi fare nulla per far funzionare il tuo account su tutte le piattaforme. Puoi utilizzare il tuo nome utente e password per accedere al tuo saldo, al processo di verifica e alle impostazioni su qualsiasi dispositivo. I tuoi progressi, bonus e risultati si sincronizzano automaticamente, quindi puoi passare facilmente tra telefono, tablet e computer tutto il giorno. Mentre sei in movimento, inizia un gioco sul telefono e poi finiscilo sul computer quando torni a casa.<\/p>\n<\/div><\/div><\/p>\n","protected":false},"excerpt":{"rendered":"<p>App Mobile Manekispin Con l&#8217;app Manekispin, puoi giocare ai tuoi giochi preferiti in qualsiasi momento. Questa piattaforma ti permette di giocare ovunque, che tu preferisca farlo sul tuo smartphone, tablet o computer desktop. La progressive web app pu\u00f2 essere utilizzata su qualsiasi dispositivo e non deve essere scaricata da un app store. Perch\u00e9 Scegliere l&#8217;App [&hellip;]<\/p>\n","protected":false},"author":1,"featured_media":0,"parent":0,"menu_order":0,"comment_status":"closed","ping_status":"closed","template":"template-builder.php","meta":{"_acf_changed":false,"inline_featured_image":false,"footnotes":""},"class_list":["post-1440","page","type-page","status-publish","hentry"],"acf":[],"yoast_head":"<!-- This site is optimized with the Yoast SEO plugin v27.3 - https:\/\/yoast.com\/product\/yoast-seo-wordpress\/ -->\n<title>Manekispin App | App ufficiale per Android e iOS<\/title>\n<meta name=\"description\" content=\"Gioca alle tue slot machine e ai tuoi giochi con croupier dal vivo preferiti ovunque. Scarica Maneki Spin app per un accesso immediato, un gioco sicuro e supporto in-app su qualsiasi dispositivo.\" \/>\n<meta name=\"robots\" content=\"index, follow, max-snippet:-1, max-image-preview:large, max-video-preview:-1\" \/>\n<link rel=\"canonical\" href=\"https:\/\/themanekispin.org\/it\/app\/\" \/>\n<meta property=\"og:locale\" content=\"it_IT\" \/>\n<meta property=\"og:type\" content=\"article\" \/>\n<meta property=\"og:title\" content=\"Manekispin App | App ufficiale per Android e iOS\" \/>\n<meta property=\"og:description\" content=\"Gioca alle tue slot machine e ai tuoi giochi con croupier dal vivo preferiti ovunque. Scarica Maneki Spin app per un accesso immediato, un gioco sicuro e supporto in-app su qualsiasi dispositivo.\" \/>\n<meta property=\"og:url\" content=\"https:\/\/themanekispin.org\/it\/app\/\" \/>\n<meta property=\"og:site_name\" content=\"rockyspin\" \/>\n<meta property=\"article:modified_time\" content=\"2025-11-26T14:25:30+00:00\" \/>\n<meta name=\"twitter:card\" content=\"summary_large_image\" \/>\n<meta name=\"twitter:label1\" content=\"Est. reading time\" \/>\n\t<meta name=\"twitter:data1\" content=\"2 minutes\" \/>\n<script type=\"application\/ld+json\" class=\"yoast-schema-graph\">{\"@context\":\"https:\\\/\\\/schema.org\",\"@graph\":[{\"@type\":\"WebPage\",\"@id\":\"https:\\\/\\\/themanekispin.org\\\/it\\\/app\\\/\",\"url\":\"https:\\\/\\\/themanekispin.org\\\/it\\\/app\\\/\",\"name\":\"Manekispin App | App ufficiale per Android e iOS\",\"isPartOf\":{\"@id\":\"https:\\\/\\\/themanekispin.org\\\/it\\\/#website\"},\"datePublished\":\"2025-11-26T11:00:02+00:00\",\"dateModified\":\"2025-11-26T14:25:30+00:00\",\"description\":\"Gioca alle tue slot machine e ai tuoi giochi con croupier dal vivo preferiti ovunque. Scarica Maneki Spin app per un accesso immediato, un gioco sicuro e supporto in-app su qualsiasi dispositivo.\",\"breadcrumb\":{\"@id\":\"https:\\\/\\\/themanekispin.org\\\/it\\\/app\\\/#breadcrumb\"},\"inLanguage\":\"it-IT\",\"potentialAction\":[{\"@type\":\"ReadAction\",\"target\":[\"https:\\\/\\\/themanekispin.org\\\/it\\\/app\\\/\"]}]},{\"@type\":\"BreadcrumbList\",\"@id\":\"https:\\\/\\\/themanekispin.org\\\/it\\\/app\\\/#breadcrumb\",\"itemListElement\":[{\"@type\":\"ListItem\",\"position\":1,\"name\":\"Manekispin\",\"item\":\"https:\\\/\\\/themanekispin.org\\\/it\\\/\"},{\"@type\":\"ListItem\",\"position\":2,\"name\":\"App\"}]},{\"@type\":\"WebSite\",\"@id\":\"https:\\\/\\\/themanekispin.org\\\/it\\\/#website\",\"url\":\"https:\\\/\\\/themanekispin.org\\\/it\\\/\",\"name\":\"Manekispin\",\"description\":\"\",\"publisher\":{\"@id\":\"https:\\\/\\\/themanekispin.org\\\/it\\\/#organization\"},\"potentialAction\":[{\"@type\":\"SearchAction\",\"target\":{\"@type\":\"EntryPoint\",\"urlTemplate\":\"https:\\\/\\\/themanekispin.org\\\/it\\\/?s={search_term_string}\"},\"query-input\":{\"@type\":\"PropertyValueSpecification\",\"valueRequired\":true,\"valueName\":\"search_term_string\"}}],\"inLanguage\":\"it-IT\"},{\"@type\":\"Organization\",\"@id\":\"https:\\\/\\\/themanekispin.org\\\/it\\\/#organization\",\"name\":\"Manekispin\",\"url\":\"https:\\\/\\\/themanekispin.org\\\/it\\\/\",\"logo\":{\"@type\":\"ImageObject\",\"inLanguage\":\"it-IT\",\"@id\":\"https:\\\/\\\/themanekispin.org\\\/it\\\/#\\\/schema\\\/logo\\\/image\\\/\",\"url\":\"https:\\\/\\\/themanekispin.org\\\/wp-content\\\/uploads\\\/2025\\\/11\\\/logo.svg\",\"contentUrl\":\"https:\\\/\\\/themanekispin.org\\\/wp-content\\\/uploads\\\/2025\\\/11\\\/logo.svg\",\"width\":79,\"height\":24,\"caption\":\"Manekispin\"},\"image\":{\"@id\":\"https:\\\/\\\/themanekispin.org\\\/it\\\/#\\\/schema\\\/logo\\\/image\\\/\"}}]}<\/script>\n<!-- \/ Yoast SEO plugin. -->","yoast_head_json":{"title":"Manekispin App | App ufficiale per Android e iOS","description":"Gioca alle tue slot machine e ai tuoi giochi con croupier dal vivo preferiti ovunque. Scarica Maneki Spin app per un accesso immediato, un gioco sicuro e supporto in-app su qualsiasi dispositivo.","robots":{"index":"index","follow":"follow","max-snippet":"max-snippet:-1","max-image-preview":"max-image-preview:large","max-video-preview":"max-video-preview:-1"},"canonical":"https:\/\/themanekispin.org\/it\/app\/","og_locale":"it_IT","og_type":"article","og_title":"Manekispin App | App ufficiale per Android e iOS","og_description":"Gioca alle tue slot machine e ai tuoi giochi con croupier dal vivo preferiti ovunque. Scarica Maneki Spin app per un accesso immediato, un gioco sicuro e supporto in-app su qualsiasi dispositivo.","og_url":"https:\/\/themanekispin.org\/it\/app\/","og_site_name":"rockyspin","article_modified_time":"2025-11-26T14:25:30+00:00","twitter_card":"summary_large_image","twitter_misc":{"Est. reading time":"2 minutes"},"schema":{"@context":"https:\/\/schema.org","@graph":[{"@type":"WebPage","@id":"https:\/\/themanekispin.org\/it\/app\/","url":"https:\/\/themanekispin.org\/it\/app\/","name":"Manekispin App | App ufficiale per Android e iOS","isPartOf":{"@id":"https:\/\/themanekispin.org\/it\/#website"},"datePublished":"2025-11-26T11:00:02+00:00","dateModified":"2025-11-26T14:25:30+00:00","description":"Gioca alle tue slot machine e ai tuoi giochi con croupier dal vivo preferiti ovunque. Scarica Maneki Spin app per un accesso immediato, un gioco sicuro e supporto in-app su qualsiasi dispositivo.","breadcrumb":{"@id":"https:\/\/themanekispin.org\/it\/app\/#breadcrumb"},"inLanguage":"it-IT","potentialAction":[{"@type":"ReadAction","target":["https:\/\/themanekispin.org\/it\/app\/"]}]},{"@type":"BreadcrumbList","@id":"https:\/\/themanekispin.org\/it\/app\/#breadcrumb","itemListElement":[{"@type":"ListItem","position":1,"name":"Manekispin","item":"https:\/\/themanekispin.org\/it\/"},{"@type":"ListItem","position":2,"name":"App"}]},{"@type":"WebSite","@id":"https:\/\/themanekispin.org\/it\/#website","url":"https:\/\/themanekispin.org\/it\/","name":"Manekispin","description":"","publisher":{"@id":"https:\/\/themanekispin.org\/it\/#organization"},"potentialAction":[{"@type":"SearchAction","target":{"@type":"EntryPoint","urlTemplate":"https:\/\/themanekispin.org\/it\/?s={search_term_string}"},"query-input":{"@type":"PropertyValueSpecification","valueRequired":true,"valueName":"search_term_string"}}],"inLanguage":"it-IT"},{"@type":"Organization","@id":"https:\/\/themanekispin.org\/it\/#organization","name":"Manekispin","url":"https:\/\/themanekispin.org\/it\/","logo":{"@type":"ImageObject","inLanguage":"it-IT","@id":"https:\/\/themanekispin.org\/it\/#\/schema\/logo\/image\/","url":"https:\/\/themanekispin.org\/wp-content\/uploads\/2025\/11\/logo.svg","contentUrl":"https:\/\/themanekispin.org\/wp-content\/uploads\/2025\/11\/logo.svg","width":79,"height":24,"caption":"Manekispin"},"image":{"@id":"https:\/\/themanekispin.org\/it\/#\/schema\/logo\/image\/"}}]}},"_links":{"self":[{"href":"https:\/\/themanekispin.org\/it\/wp-json\/wp\/v2\/pages\/1440","targetHints":{"allow":["GET"]}}],"collection":[{"href":"https:\/\/themanekispin.org\/it\/wp-json\/wp\/v2\/pages"}],"about":[{"href":"https:\/\/themanekispin.org\/it\/wp-json\/wp\/v2\/types\/page"}],"author":[{"embeddable":true,"href":"https:\/\/themanekispin.org\/it\/wp-json\/wp\/v2\/users\/1"}],"replies":[{"embeddable":true,"href":"https:\/\/themanekispin.org\/it\/wp-json\/wp\/v2\/comments?post=1440"}],"version-history":[{"count":2,"href":"https:\/\/themanekispin.org\/it\/wp-json\/wp\/v2\/pages\/1440\/revisions"}],"predecessor-version":[{"id":1759,"href":"https:\/\/themanekispin.org\/it\/wp-json\/wp\/v2\/pages\/1440\/revisions\/1759"}],"wp:attachment":[{"href":"https:\/\/themanekispin.org\/it\/wp-json\/wp\/v2\/media?parent=1440"}],"curies":[{"name":"wp","href":"https:\/\/api.w.org\/{rel}","templated":true}]}}