{"id":1488,"date":"2025-11-26T11:03:28","date_gmt":"2025-11-26T11:03:28","guid":{"rendered":"https:\/\/themanekispin.org\/login-and-registration\/"},"modified":"2025-11-26T14:52:42","modified_gmt":"2025-11-26T14:52:42","slug":"logowanie-i-rejestracja","status":"publish","type":"page","link":"https:\/\/themanekispin.org\/pl\/logowanie-i-rejestracja\/","title":{"rendered":"Logowanie i Rejestracja"},"content":{"rendered":"<h1>Logowanie i Rejestracja w Manekispin<\/h1>\n<p>Strona Manekispin login pozwala Ci uzyska\u0107 dost\u0119p do swojego konta gamingowego w dowolnym momencie. Platforma u\u0142atwia rozpocz\u0119cie, niezale\u017cnie od tego, czy jeste\u015b nowym graczem zak\u0142adaj\u0105cym pierwsze konto, czy powracaj\u0105cym cz\u0142onkiem. Wystarczy kilka klikni\u0119\u0107, aby uzyska\u0107 dost\u0119p do wszystkiego, czego potrzebujesz do zarz\u0105dzania kontem i cieszenia si\u0119 gr\u0105.<\/p>\n<p><div class=\"banner-wrap\" aria-label=\"Banner\"><img src=\"https:\/\/themanekispin.org\/wp-content\/uploads\/2025\/11\/Manekispin-banner-carousel-800\u0445400-6.webp\" class=\"w-100 d-none d-lg-block img-pc main-banner-img\" alt=\"Manekispin desktop banner\" fetchpriority=\"high\" decoding=\"async\"><img src=\"https:\/\/themanekispin.org\/wp-content\/uploads\/2025\/11\/Manekispin-mobile-banner.webp\" class=\"w-100 d-none d-md-block d-lg-none main-banner-img\" alt=\"Manekispin mobile banner\" fetchpriority=\"high\" decoding=\"async\"><img src=\"https:\/\/themanekispin.org\/wp-content\/uploads\/2025\/11\/Manekispin-mobile-banner.webp\" class=\"w-100 d-md-none\" alt=\"Manekispin mobile banner\" fetchpriority=\"high\" decoding=\"async\"><div class=\"banner-description\">\n<div class=\"banner-title\">Bonusy powitalne<\/div>\n<p class=\"banner-header-title\">1500 \u20ac<\/p>\n<div class=\"banner-header-AdditionalText\">+ 250 Darmowe spiny<\/div>\n<button data-item=\"homepage_banner_link\" class=\"goto m-button m-gradient-border m-button--primary m-button--large banner-button btn-orange\">\n            <div class=\"m-button-content\">\n                <span>Zarejestruj si\u0119 teraz<\/span>\n                <span><\/span>\n            <\/div>\n        <\/button>\n<\/div>\n<div class=\"WelcomePack\">\n<p><img loading=\"lazy\" decoding=\"async\" class=\"alignnone size-full wp-image-1337\" src=\"https:\/\/themanekispin.org\/wp-content\/uploads\/2025\/11\/welcome-crown.svg\" alt=\"crown\" width=\"25\" height=\"26\" \/><\/p>\n<div class=\"WelcomePack-Info\">Cotygodniowy zwrot got\u00f3wki do 25%<\/div>\n<p><img loading=\"lazy\" decoding=\"async\" class=\"alignnone size-full wp-image-1337\" src=\"https:\/\/themanekispin.org\/wp-content\/uploads\/2025\/11\/welcome-crown.svg\" alt=\"crown\" width=\"25\" height=\"26\" \/><\/p>\n<\/div>\n<\/div><div class=\"scrollable-content-wrap my-5\"><div class=\"scrollable-content-inner\"><h2>Zarejestruj si\u0119, aby gra\u0107 w Maneki Spin<\/h2>\n<p>Po utworzeniu konta w Manekispin mo\u017cesz od razu korzysta\u0107 z ca\u0142ej platformy gamingowej. Zarejestrowani gracze mog\u0105 przegl\u0105da\u0107 ca\u0142\u0105 bibliotek\u0119 gier, otrzymywa\u0107 bonusy powitalne i bra\u0107 udzia\u0142 w wydarzeniach promocyjnych. Twoje konto to Twoje osobiste centrum gamingowe, gdzie mo\u017cesz \u015bledzi\u0107 swoj\u0105 aktywno\u015b\u0107, dokonywa\u0107 p\u0142atno\u015bci i ustawia\u0107 w\u0142asne preferencje.<\/p>\n<p>Posiadacze kont mog\u0105 u\u017cywa\u0107 bezpiecznych metod wp\u0142acania i wyp\u0142acania pieni\u0119dzy, otrzymywa\u0107 spersonalizowane rekomendacje gier i cieszy\u0107 si\u0119 korzy\u015bciami wy\u0142\u0105cznie dla cz\u0142onk\u00f3w. Rejestracja zajmuje tylko kilka minut, a wszystko, co musisz zrobi\u0107, to wype\u0142ni\u0107 kilka podstawowych informacji, aby utworzy\u0107 sw\u00f3j profil.<\/p>\n<h3>Jak Za\u0142o\u017cy\u0107 Konto<\/h3>\n<p>Proces rejestracji w Manekispin sk\u0142ada si\u0119 z tylko dw\u00f3ch krok\u00f3w.<\/p>\n<p>Rejestracja Wst\u0119pna<\/p>\n<ol>\n<li>Kliknij przycisk &#8220;Zarejestruj si\u0119&#8221; na stronie g\u0142\u00f3wnej.<\/li>\n<li>Wprowad\u017a sw\u00f3j adres e-mail w wyznaczonym polu.<\/li>\n<li>Utw\u00f3rz silne has\u0142o sk\u0142adaj\u0105ce si\u0119 z co najmniej 8 znak\u00f3w.<\/li>\n<li>Przeczytaj Regulamin.<\/li>\n<li>Zaznacz pole potwierdzaj\u0105ce Twoj\u0105 zgod\u0119.<\/li>\n<li>Kliknij przycisk &#8220;Zarejestruj si\u0119&#8221;, aby kontynuowa\u0107.<\/li>\n<\/ol>\n<p>Uzupe\u0142nienie Profilu<\/p>\n<p>Po wst\u0119pnej rejestracji pojawia si\u0119 drugie okno z pro\u015bb\u0105 o dodatkowe dane:<\/p>\n<ol>\n<li>Wpisz swoje imi\u0119 dok\u0142adnie tak, jak widnieje ono w dowodzie to\u017csamo\u015bci.<\/li>\n<li>Podaj swoje nazwisko w tym samym formacie.<\/li>\n<li>Wybierz swoj\u0105 dat\u0119 urodzenia z kalendarza.<\/li>\n<li>Wprowad\u017a sw\u00f3j numer telefonu z kodem kraju.<\/li>\n<li>Kliknij przycisk &#8220;Zapisz&#8221;, aby uko\u0144czy\u0107 tworzenie profilu.<\/li>\n<\/ol>\n<p>Po uko\u0144czeniu obu krok\u00f3w Tw\u00f3j profil zostanie od razu aktywowany. Mo\u017cesz si\u0119 teraz zalogowa\u0107 i rozpocz\u0105\u0107 przegl\u0105danie platformy.<\/p>\n<h2>Zarz\u0105dzanie Kontem Manekispin<\/h2>\n<p>Logowanie do kasyna Manekispin daje Ci pe\u0142n\u0105 kontrol\u0119 nad Twoj\u0105 gr\u0105. Proces logowania jest zaprojektowany tak, aby by\u0142 szybki, przy jednoczesnym spe\u0142nieniu standard\u00f3w bezpiecze\u0144stwa.<\/p>\n<ol>\n<li>Znajd\u017a przycisk &#8220;Zaloguj si\u0119&#8221; na stronie g\u0142\u00f3wnej, aby przej\u015b\u0107 do swojego profilu.<\/li>\n<li>Wprowad\u017a adres e-mail u\u017cyty podczas rejestracji oraz wybrane przez siebie has\u0142o.<\/li>\n<li>Kliknij przycisk &#8220;Zaloguj si\u0119&#8221;, aby przej\u015b\u0107 do pulpitu nawigacyjnego konta.<\/li>\n<\/ol>\n<p>Po zalogowaniu si\u0119 w pulpicie nawigacyjnym profilu pokazanych jest kilka wa\u017cnych funkcji. Mo\u017cesz przegl\u0105da\u0107 swoje aktualne saldo, sprawdza\u0107 ostatnie transakcje i przegl\u0105da\u0107 histori\u0119 gier. W menu mo\u017cesz zmieni\u0107 preferencje komunikacyjne, ustawia\u0107 limity wp\u0142at i zarz\u0105dza\u0107 ustawieniami bezpiecze\u0144stwa.<\/p>\n<p>Tw\u00f3j profil konta zawiera sekcje informacji osobistych, metod p\u0142atno\u015bci oraz \u015bledzenia bonus\u00f3w. Mo\u017cesz zobaczy\u0107 sw\u00f3j status weryfikacji, dodawa\u0107 lub usuwa\u0107 opcje p\u0142atno\u015bci oraz sprawdza\u0107 aktualne promocje. Uk\u0142ad interfejsu u\u0142atwia znalezienie tego, czego potrzebujesz, bez zb\u0119dnego klikania.<\/p>\n<h3>Resetowanie Logowania do Maneki Spin<\/h3>\n<p>System odzyskiwania has\u0142a to szybki spos\u00f3b na ponowne uzyskanie dost\u0119pu do konta, je\u015bli nie pami\u0119tasz swoich danych logowania.<\/p>\n<ol>\n<li>Na stronie logowania kliknij link &#8220;Zapomnia\u0142e\u015b has\u0142a?&#8221;.<\/li>\n<li>Wpisz sw\u00f3j zarejestrowany adres e-mail i naci\u015bnij &#8220;Wy\u015blij&#8221;.<\/li>\n<li>Sprawd\u017a swoj\u0105 skrzynk\u0119 e-mail pod k\u0105tem wiadomo\u015bci resetuj\u0105cej has\u0142o od Maneki Spin. E-mail zawiera link przekierowuj\u0105cy na stron\u0119 resetowania has\u0142a.<\/li>\n<li>Kliknij link i utw\u00f3rz nowe has\u0142o, post\u0119puj\u0105c zgodnie z tymi samymi wymaganiami co przy pierwotnym ustawieniu.<\/li>\n<\/ol>\n<p>Link resetuj\u0105cy b\u0119dzie aktywny przez 24 godziny. Je\u015bli nie uko\u0144czysz procesu w tym czasie, b\u0119dziesz musia\u0142 poprosi\u0107 o nowy link. Mo\u017cesz zalogowa\u0107 si\u0119 od razu przy u\u017cyciu nowego has\u0142a po jego pomy\u015blnej aktualizacji.<\/p>\n<p>Je\u015bli napotkasz jakiekolwiek problemy z odzyskaniem danych logowania, skontaktuj si\u0119 z naszym zespo\u0142em wsparcia poprzez czat na \u017cywo lub e-mail. Wieloj\u0119zyczny zesp\u00f3\u0142 wsparcia jest zawsze gotowy, aby pom\u00f3c Ci we wszelkich kwestiach zwi\u0105zanych z logowaniem w Twoim j\u0119zyku ojczystym.<\/p>\n<h2>Znaczenie Procesu Weryfikacji<\/h2>\n<p>Proces weryfikacji konta chroni zar\u00f3wno Ciebie, jak i platform\u0119 przed nieautoryzowanym dost\u0119pem i oszustwami. Manekispin musi zweryfikowa\u0107 Twoj\u0105 to\u017csamo\u015b\u0107, zanim b\u0119dzie m\u00f3g\u0142 przetworzy\u0107 Twoje wnioski o wyp\u0142at\u0119.<\/p>\n<p>Aby zweryfikowa\u0107 sw\u00f3j profil, musisz przes\u0142a\u0107 okre\u015blone dokumenty przez pulpit nawigacyjny konta. Przejd\u017a do sekcji &#8220;Weryfikacja&#8221; w ustawieniach profilu. Platforma zazwyczaj \u017c\u0105da dw\u00f3ch rodzaj\u00f3w dokument\u00f3w:<\/p>\n<ul>\n<li>Weryfikacja To\u017csamo\u015bci<br \/>\nPrze\u015blij wyra\u017ane zdj\u0119cie lub skan dowodu to\u017csamo\u015bci wydanego przez rz\u0105d, paszportu lub prawa jazdy. Dokument musi zawiera\u0107 Twoje pe\u0142ne imi\u0119 i nazwisko, zdj\u0119cie, dat\u0119 urodzenia i dat\u0119 wa\u017cno\u015bci.<\/li>\n<li>Potwierdzenie Adresu<br \/>\nPrzedstaw aktualny rachunek za media, wyci\u0105g bankowy lub oficjaln\u0105 korespondencj\u0119 rz\u0105dow\u0105 datowan\u0105 z ostatnich trzech miesi\u0119cy. Na dokumencie musz\u0105 widnie\u0107 Twoje pe\u0142ne imi\u0119 i nazwisko oraz aktualny adres zamieszkania.<\/li>\n<\/ul>\n<p>Zesp\u00f3\u0142 weryfikacyjny przegl\u0105da zg\u0142oszenia w ci\u0105gu 24 do 48 godzin w dni robocze. Otrzymasz powiadomienie e-mailem po zweryfikowaniu konta. Zweryfikowane konta otrzymuj\u0105 szybsze przetwarzanie wyp\u0142at i wy\u017csze limity transakcyjne.<\/p>\n<table>\n<tbody>\n<tr>\n<td>Typ Dokumentu<\/td>\n<td>Cel<\/td>\n<td>Czas Przetwarzania<\/td>\n<\/tr>\n<tr>\n<td>Dokument To\u017csamo\u015bci<\/td>\n<td>Potwierdzenie to\u017csamo\u015bci<\/td>\n<td>24-48 godzin<\/td>\n<\/tr>\n<tr>\n<td>Dow\u00f3d Adresu<\/td>\n<td>Weryfikacja miejsca zamieszkania<\/td>\n<td>24-48 godzin<\/td>\n<\/tr>\n<\/tbody>\n<\/table>\n<h2>FAQ<\/h2>\n<h3>Czy mog\u0119 zmieni\u0107 swoje dane osobowe po zarejestrowaniu si\u0119?<\/h3>\n<p>Tak, mo\u017cesz zmieni\u0107 niekt\u00f3re informacje o koncie w ustawieniach profilu. Przejd\u017a do sekcji &#8220;Dane Osobiste&#8221; po zalogowaniu si\u0119 do profilu. Mo\u017cesz w ka\u017cdej chwili zmieni\u0107 sw\u00f3j numer telefonu, adres i preferencje komunikacyjne.<\/p>\n<h3>Co powinienem zrobi\u0107, je\u015bli nie pami\u0119tam loginu lub has\u0142a?<\/h3>\n<p>Je\u015bli zapomnisz has\u0142a, mo\u017cesz u\u017cy\u0107 linku do odzyskiwania has\u0142a na stronie logowania. Aby otrzyma\u0107 instrukcje resetowania has\u0142a, wprowad\u017a sw\u00f3j zarejestrowany adres e-mail. To zajmuje tylko kilka minut i od razu mo\u017cesz utworzy\u0107 nowe has\u0142o.<\/p>\n<h3>Dlaczego wymagana jest weryfikacja konta Manekispin?<\/h3>\n<p>Weryfikacja zapewnia bezpiecze\u0144stwo Twojego profilu i jest zgodna z zasadami ustalonymi przez organy regulacyjne. Ze wzgl\u0119d\u00f3w bezpiecze\u0144stwa proces ten zapewnia, \u017ce jeste\u015b prawowitym w\u0142a\u015bcicielem konta i uniemo\u017cliwia innym osobom dost\u0119p do Twojego konta lub \u015brodk\u00f3w.<\/p>\n<\/div><\/div><\/p>\n","protected":false},"excerpt":{"rendered":"<p>Logowanie i Rejestracja w Manekispin Strona Manekispin login pozwala Ci uzyska\u0107 dost\u0119p do swojego konta gamingowego w dowolnym momencie. Platforma u\u0142atwia rozpocz\u0119cie, niezale\u017cnie od tego, czy jeste\u015b nowym graczem zak\u0142adaj\u0105cym pierwsze konto, czy powracaj\u0105cym cz\u0142onkiem. Wystarczy kilka klikni\u0119\u0107, aby uzyska\u0107 dost\u0119p do wszystkiego, czego potrzebujesz do zarz\u0105dzania kontem i cieszenia si\u0119 gr\u0105.<\/p>\n","protected":false},"author":1,"featured_media":0,"parent":0,"menu_order":0,"comment_status":"closed","ping_status":"closed","template":"template-builder.php","meta":{"_acf_changed":false,"inline_featured_image":false,"footnotes":""},"class_list":["post-1488","page","type-page","status-publish","hentry"],"acf":[],"yoast_head":"<!-- This site is optimized with the Yoast SEO plugin v27.3 - https:\/\/yoast.com\/product\/yoast-seo-wordpress\/ -->\n<title>Manekispin Login | Zaloguj si\u0119 lub utw\u00f3rz nowe konto<\/title>\n<meta name=\"description\" content=\"Nowi u\u017cytkownicy mog\u0105 utworzy\u0107 Maneki Spin login w kilka sekund. Powracaj\u0105cy gracze mog\u0105 logowa\u0107 si\u0119 bezpiecznie, aby z \u0142atwo\u015bci\u0105 zarz\u0105dza\u0107 profilami, \u015bledzi\u0107 bonusy i weryfikacj\u0119.\" \/>\n<meta name=\"robots\" content=\"index, follow, max-snippet:-1, max-image-preview:large, max-video-preview:-1\" \/>\n<link rel=\"canonical\" href=\"https:\/\/themanekispin.org\/pl\/logowanie-i-rejestracja\/\" \/>\n<meta property=\"og:locale\" content=\"pl_PL\" \/>\n<meta property=\"og:type\" content=\"article\" \/>\n<meta property=\"og:title\" content=\"Manekispin Login | Zaloguj si\u0119 lub utw\u00f3rz nowe konto\" \/>\n<meta property=\"og:description\" content=\"Nowi u\u017cytkownicy mog\u0105 utworzy\u0107 Maneki Spin login w kilka sekund. Powracaj\u0105cy gracze mog\u0105 logowa\u0107 si\u0119 bezpiecznie, aby z \u0142atwo\u015bci\u0105 zarz\u0105dza\u0107 profilami, \u015bledzi\u0107 bonusy i weryfikacj\u0119.\" \/>\n<meta property=\"og:url\" content=\"https:\/\/themanekispin.org\/pl\/logowanie-i-rejestracja\/\" \/>\n<meta property=\"og:site_name\" content=\"rockyspin\" \/>\n<meta property=\"article:modified_time\" content=\"2025-11-26T14:52:42+00:00\" \/>\n<meta name=\"twitter:card\" content=\"summary_large_image\" \/>\n<meta name=\"twitter:label1\" content=\"Est. reading time\" \/>\n\t<meta name=\"twitter:data1\" content=\"1 minute\" \/>\n<script type=\"application\/ld+json\" class=\"yoast-schema-graph\">{\"@context\":\"https:\\\/\\\/schema.org\",\"@graph\":[{\"@type\":\"WebPage\",\"@id\":\"https:\\\/\\\/themanekispin.org\\\/pl\\\/logowanie-i-rejestracja\\\/\",\"url\":\"https:\\\/\\\/themanekispin.org\\\/pl\\\/logowanie-i-rejestracja\\\/\",\"name\":\"Manekispin Login | Zaloguj si\u0119 lub utw\u00f3rz nowe konto\",\"isPartOf\":{\"@id\":\"https:\\\/\\\/themanekispin.org\\\/pl\\\/#website\"},\"datePublished\":\"2025-11-26T11:03:28+00:00\",\"dateModified\":\"2025-11-26T14:52:42+00:00\",\"description\":\"Nowi u\u017cytkownicy mog\u0105 utworzy\u0107 Maneki Spin login w kilka sekund. Powracaj\u0105cy gracze mog\u0105 logowa\u0107 si\u0119 bezpiecznie, aby z \u0142atwo\u015bci\u0105 zarz\u0105dza\u0107 profilami, \u015bledzi\u0107 bonusy i weryfikacj\u0119.\",\"breadcrumb\":{\"@id\":\"https:\\\/\\\/themanekispin.org\\\/pl\\\/logowanie-i-rejestracja\\\/#breadcrumb\"},\"inLanguage\":\"pl-PL\",\"potentialAction\":[{\"@type\":\"ReadAction\",\"target\":[\"https:\\\/\\\/themanekispin.org\\\/pl\\\/logowanie-i-rejestracja\\\/\"]}]},{\"@type\":\"BreadcrumbList\",\"@id\":\"https:\\\/\\\/themanekispin.org\\\/pl\\\/logowanie-i-rejestracja\\\/#breadcrumb\",\"itemListElement\":[{\"@type\":\"ListItem\",\"position\":1,\"name\":\"Manekispin\",\"item\":\"https:\\\/\\\/themanekispin.org\\\/pl\\\/\"},{\"@type\":\"ListItem\",\"position\":2,\"name\":\"Logowanie i Rejestracja\"}]},{\"@type\":\"WebSite\",\"@id\":\"https:\\\/\\\/themanekispin.org\\\/pl\\\/#website\",\"url\":\"https:\\\/\\\/themanekispin.org\\\/pl\\\/\",\"name\":\"Manekispin\",\"description\":\"\",\"publisher\":{\"@id\":\"https:\\\/\\\/themanekispin.org\\\/pl\\\/#organization\"},\"potentialAction\":[{\"@type\":\"SearchAction\",\"target\":{\"@type\":\"EntryPoint\",\"urlTemplate\":\"https:\\\/\\\/themanekispin.org\\\/pl\\\/?s={search_term_string}\"},\"query-input\":{\"@type\":\"PropertyValueSpecification\",\"valueRequired\":true,\"valueName\":\"search_term_string\"}}],\"inLanguage\":\"pl-PL\"},{\"@type\":\"Organization\",\"@id\":\"https:\\\/\\\/themanekispin.org\\\/pl\\\/#organization\",\"name\":\"Manekispin\",\"url\":\"https:\\\/\\\/themanekispin.org\\\/pl\\\/\",\"logo\":{\"@type\":\"ImageObject\",\"inLanguage\":\"pl-PL\",\"@id\":\"https:\\\/\\\/themanekispin.org\\\/pl\\\/#\\\/schema\\\/logo\\\/image\\\/\",\"url\":\"https:\\\/\\\/themanekispin.org\\\/wp-content\\\/uploads\\\/2025\\\/11\\\/logo.svg\",\"contentUrl\":\"https:\\\/\\\/themanekispin.org\\\/wp-content\\\/uploads\\\/2025\\\/11\\\/logo.svg\",\"width\":79,\"height\":24,\"caption\":\"Manekispin\"},\"image\":{\"@id\":\"https:\\\/\\\/themanekispin.org\\\/pl\\\/#\\\/schema\\\/logo\\\/image\\\/\"}}]}<\/script>\n<!-- \/ Yoast SEO plugin. -->","yoast_head_json":{"title":"Manekispin Login | Zaloguj si\u0119 lub utw\u00f3rz nowe konto","description":"Nowi u\u017cytkownicy mog\u0105 utworzy\u0107 Maneki Spin login w kilka sekund. Powracaj\u0105cy gracze mog\u0105 logowa\u0107 si\u0119 bezpiecznie, aby z \u0142atwo\u015bci\u0105 zarz\u0105dza\u0107 profilami, \u015bledzi\u0107 bonusy i weryfikacj\u0119.","robots":{"index":"index","follow":"follow","max-snippet":"max-snippet:-1","max-image-preview":"max-image-preview:large","max-video-preview":"max-video-preview:-1"},"canonical":"https:\/\/themanekispin.org\/pl\/logowanie-i-rejestracja\/","og_locale":"pl_PL","og_type":"article","og_title":"Manekispin Login | Zaloguj si\u0119 lub utw\u00f3rz nowe konto","og_description":"Nowi u\u017cytkownicy mog\u0105 utworzy\u0107 Maneki Spin login w kilka sekund. Powracaj\u0105cy gracze mog\u0105 logowa\u0107 si\u0119 bezpiecznie, aby z \u0142atwo\u015bci\u0105 zarz\u0105dza\u0107 profilami, \u015bledzi\u0107 bonusy i weryfikacj\u0119.","og_url":"https:\/\/themanekispin.org\/pl\/logowanie-i-rejestracja\/","og_site_name":"rockyspin","article_modified_time":"2025-11-26T14:52:42+00:00","twitter_card":"summary_large_image","twitter_misc":{"Est. reading time":"1 minute"},"schema":{"@context":"https:\/\/schema.org","@graph":[{"@type":"WebPage","@id":"https:\/\/themanekispin.org\/pl\/logowanie-i-rejestracja\/","url":"https:\/\/themanekispin.org\/pl\/logowanie-i-rejestracja\/","name":"Manekispin Login | Zaloguj si\u0119 lub utw\u00f3rz nowe konto","isPartOf":{"@id":"https:\/\/themanekispin.org\/pl\/#website"},"datePublished":"2025-11-26T11:03:28+00:00","dateModified":"2025-11-26T14:52:42+00:00","description":"Nowi u\u017cytkownicy mog\u0105 utworzy\u0107 Maneki Spin login w kilka sekund. Powracaj\u0105cy gracze mog\u0105 logowa\u0107 si\u0119 bezpiecznie, aby z \u0142atwo\u015bci\u0105 zarz\u0105dza\u0107 profilami, \u015bledzi\u0107 bonusy i weryfikacj\u0119.","breadcrumb":{"@id":"https:\/\/themanekispin.org\/pl\/logowanie-i-rejestracja\/#breadcrumb"},"inLanguage":"pl-PL","potentialAction":[{"@type":"ReadAction","target":["https:\/\/themanekispin.org\/pl\/logowanie-i-rejestracja\/"]}]},{"@type":"BreadcrumbList","@id":"https:\/\/themanekispin.org\/pl\/logowanie-i-rejestracja\/#breadcrumb","itemListElement":[{"@type":"ListItem","position":1,"name":"Manekispin","item":"https:\/\/themanekispin.org\/pl\/"},{"@type":"ListItem","position":2,"name":"Logowanie i Rejestracja"}]},{"@type":"WebSite","@id":"https:\/\/themanekispin.org\/pl\/#website","url":"https:\/\/themanekispin.org\/pl\/","name":"Manekispin","description":"","publisher":{"@id":"https:\/\/themanekispin.org\/pl\/#organization"},"potentialAction":[{"@type":"SearchAction","target":{"@type":"EntryPoint","urlTemplate":"https:\/\/themanekispin.org\/pl\/?s={search_term_string}"},"query-input":{"@type":"PropertyValueSpecification","valueRequired":true,"valueName":"search_term_string"}}],"inLanguage":"pl-PL"},{"@type":"Organization","@id":"https:\/\/themanekispin.org\/pl\/#organization","name":"Manekispin","url":"https:\/\/themanekispin.org\/pl\/","logo":{"@type":"ImageObject","inLanguage":"pl-PL","@id":"https:\/\/themanekispin.org\/pl\/#\/schema\/logo\/image\/","url":"https:\/\/themanekispin.org\/wp-content\/uploads\/2025\/11\/logo.svg","contentUrl":"https:\/\/themanekispin.org\/wp-content\/uploads\/2025\/11\/logo.svg","width":79,"height":24,"caption":"Manekispin"},"image":{"@id":"https:\/\/themanekispin.org\/pl\/#\/schema\/logo\/image\/"}}]}},"_links":{"self":[{"href":"https:\/\/themanekispin.org\/pl\/wp-json\/wp\/v2\/pages\/1488","targetHints":{"allow":["GET"]}}],"collection":[{"href":"https:\/\/themanekispin.org\/pl\/wp-json\/wp\/v2\/pages"}],"about":[{"href":"https:\/\/themanekispin.org\/pl\/wp-json\/wp\/v2\/types\/page"}],"author":[{"embeddable":true,"href":"https:\/\/themanekispin.org\/pl\/wp-json\/wp\/v2\/users\/1"}],"replies":[{"embeddable":true,"href":"https:\/\/themanekispin.org\/pl\/wp-json\/wp\/v2\/comments?post=1488"}],"version-history":[{"count":1,"href":"https:\/\/themanekispin.org\/pl\/wp-json\/wp\/v2\/pages\/1488\/revisions"}],"predecessor-version":[{"id":1816,"href":"https:\/\/themanekispin.org\/pl\/wp-json\/wp\/v2\/pages\/1488\/revisions\/1816"}],"wp:attachment":[{"href":"https:\/\/themanekispin.org\/pl\/wp-json\/wp\/v2\/media?parent=1488"}],"curies":[{"name":"wp","href":"https:\/\/api.w.org\/{rel}","templated":true}]}}